{"id":125849,"date":"2025-11-13T14:30:53","date_gmt":"2025-11-13T13:30:53","guid":{"rendered":"https:\/\/www.ernstbrunn-apotheke.at\/katalog\/produkt\/la-roche-posay-lipikar-syndet-ap-nachfuellpackung-400-ml\/"},"modified":"2025-12-09T09:58:38","modified_gmt":"2025-12-09T08:58:38","slug":"la-roche-posay-lipikar-syndet-ap-nachfuellpackung-400-ml","status":"publish","type":"product","link":"https:\/\/www.ernstbrunn-apotheke.at\/katalog\/produkt\/la-roche-posay-lipikar-syndet-ap-nachfuellpackung-400-ml\/","title":{"rendered":"La Roche-Posay Lipikar Syndet AP+ Nachf\u00fcllpackung 400 ml"},"content":{"rendered":"<p>La Roche-Posay Lipikar Syndet AP+ Nachf\u00fcllpackung 400 ml im umweltfreundlichen Refill-System ist eine besonders sanfte Duschcreme f\u00fcr Neugeborene, Kinder und Erwachsene mit sehr trockener oder atopischer, zu Ekzemen neigender Haut. Die Duschcreme beruhigt die Haut sofort und spendet ihr bereits w\u00e4hrend des Duschens wertvolle Feuchtigkeit. Das Cremegel l\u00e4sst sich leicht auf die Haut auftragen, ohne die Haut auszutrocknen oder in den Augen zu brennen \u2013 selbst bei S\u00e4uglingen und Kindern.<\/p>\n","protected":false},"excerpt":{"rendered":"<p>La Roche-Posay Lipikar Syndet AP+ Nachf\u00fcllpackung 400 ml im umweltfreundlichen Refill-System ist eine besonders sanfte Duschcreme f\u00fcr Neugeborene, Kinder und Erwachsene mit sehr trockener oder atopischer, zu Ekzemen neigender Haut. Die Duschcreme beruhigt die Haut sofort und spendet ihr bereits w\u00e4hrend des Duschens wertvolle Feuchtigkeit. Das Cremegel l\u00e4sst sich leicht auf die Haut auftragen, ohne [&hellip;]<\/p>\n","protected":false},"featured_media":125851,"template":"","meta":{"_acf_changed":false},"product_brand":[677],"product_cat":[795],"product_tag":[],"class_list":{"0":"post-125849","1":"product","2":"type-product","3":"status-publish","4":"has-post-thumbnail","6":"product_brand-la-roche-posay","7":"product_cat-l","8":"pa_packungsgroesse-400ml","10":"first","11":"instock","12":"shipping-taxable","13":"purchasable","14":"product-type-simple"},"acf":[],"_links":{"self":[{"href":"https:\/\/www.ernstbrunn-apotheke.at\/katalog\/wp-json\/wp\/v2\/product\/125849","targetHints":{"allow":["GET"]}}],"collection":[{"href":"https:\/\/www.ernstbrunn-apotheke.at\/katalog\/wp-json\/wp\/v2\/product"}],"about":[{"href":"https:\/\/www.ernstbrunn-apotheke.at\/katalog\/wp-json\/wp\/v2\/types\/product"}],"wp:featuredmedia":[{"embeddable":true,"href":"https:\/\/www.ernstbrunn-apotheke.at\/katalog\/wp-json\/wp\/v2\/media\/125851"}],"wp:attachment":[{"href":"https:\/\/www.ernstbrunn-apotheke.at\/katalog\/wp-json\/wp\/v2\/media?parent=125849"}],"wp:term":[{"taxonomy":"product_brand","embeddable":true,"href":"https:\/\/www.ernstbrunn-apotheke.at\/katalog\/wp-json\/wp\/v2\/product_brand?post=125849"},{"taxonomy":"product_cat","embeddable":true,"href":"https:\/\/www.ernstbrunn-apotheke.at\/katalog\/wp-json\/wp\/v2\/product_cat?post=125849"},{"taxonomy":"product_tag","embeddable":true,"href":"https:\/\/www.ernstbrunn-apotheke.at\/katalog\/wp-json\/wp\/v2\/product_tag?post=125849"}],"curies":[{"name":"wp","href":"https:\/\/api.w.org\/{rel}","templated":true}]}}