{"id":125845,"date":"2025-11-13T14:30:45","date_gmt":"2025-11-13T13:30:45","guid":{"rendered":"https:\/\/www.ernstbrunn-apotheke.at\/katalog\/produkt\/la-roche-posay-lipikar-dusch-und-badeoel-ap-nachfuellpackung-400-ml\/"},"modified":"2025-12-09T09:58:36","modified_gmt":"2025-12-09T08:58:36","slug":"la-roche-posay-lipikar-dusch-und-badeoel-ap-nachfuellpackung-400-ml","status":"publish","type":"product","link":"https:\/\/www.ernstbrunn-apotheke.at\/katalog\/produkt\/la-roche-posay-lipikar-dusch-und-badeoel-ap-nachfuellpackung-400-ml\/","title":{"rendered":"La Roche-Posay Lipikar Dusch- und Bade\u00f6l AP+ Nachf\u00fcllpackung 400 ml"},"content":{"rendered":"<p>La Roche-Posay Lipikar Dusch- und Bade\u00f6l AP+ 400 ml reinigt sehr trockene, empfindliche Haut sanft und ohne zu reiben. Es spendet Feuchtigkeit, verleiht ein angenehmes Hautgef\u00fchl, mildert Hautreizungen und sch\u00fctzt die Haut vor der austrocknenden Wirkung von hartem Wasser. Geeignet f\u00fcr die ganze Familie, von Kleinkindern bis zu Senioren.<\/p>\n","protected":false},"excerpt":{"rendered":"<p>La Roche-Posay Lipikar Dusch- und Bade\u00f6l AP+ 400 ml reinigt sehr trockene, empfindliche Haut sanft und ohne zu reiben. Es spendet Feuchtigkeit, verleiht ein angenehmes Hautgef\u00fchl, mildert Hautreizungen und sch\u00fctzt die Haut vor der austrocknenden Wirkung von hartem Wasser. Geeignet f\u00fcr die ganze Familie, von Kleinkindern bis zu Senioren.<\/p>\n","protected":false},"featured_media":125847,"template":"","meta":{"_acf_changed":false},"product_brand":[677],"product_cat":[795],"product_tag":[],"class_list":{"0":"post-125845","1":"product","2":"type-product","3":"status-publish","4":"has-post-thumbnail","6":"product_brand-la-roche-posay","7":"product_cat-l","8":"pa_packungsgroesse-400ml","10":"first","11":"instock","12":"shipping-taxable","13":"purchasable","14":"product-type-simple"},"acf":[],"_links":{"self":[{"href":"https:\/\/www.ernstbrunn-apotheke.at\/katalog\/wp-json\/wp\/v2\/product\/125845","targetHints":{"allow":["GET"]}}],"collection":[{"href":"https:\/\/www.ernstbrunn-apotheke.at\/katalog\/wp-json\/wp\/v2\/product"}],"about":[{"href":"https:\/\/www.ernstbrunn-apotheke.at\/katalog\/wp-json\/wp\/v2\/types\/product"}],"wp:featuredmedia":[{"embeddable":true,"href":"https:\/\/www.ernstbrunn-apotheke.at\/katalog\/wp-json\/wp\/v2\/media\/125847"}],"wp:attachment":[{"href":"https:\/\/www.ernstbrunn-apotheke.at\/katalog\/wp-json\/wp\/v2\/media?parent=125845"}],"wp:term":[{"taxonomy":"product_brand","embeddable":true,"href":"https:\/\/www.ernstbrunn-apotheke.at\/katalog\/wp-json\/wp\/v2\/product_brand?post=125845"},{"taxonomy":"product_cat","embeddable":true,"href":"https:\/\/www.ernstbrunn-apotheke.at\/katalog\/wp-json\/wp\/v2\/product_cat?post=125845"},{"taxonomy":"product_tag","embeddable":true,"href":"https:\/\/www.ernstbrunn-apotheke.at\/katalog\/wp-json\/wp\/v2\/product_tag?post=125845"}],"curies":[{"name":"wp","href":"https:\/\/api.w.org\/{rel}","templated":true}]}}