{"id":125761,"date":"2025-11-13T14:29:11","date_gmt":"2025-11-13T13:29:11","guid":{"rendered":"https:\/\/www.ernstbrunn-apotheke.at\/katalog\/produkt\/dhu-dr-schuessler-nr-7-magnesium-phosphoricum-dhu-250-g-d-6-tabletten\/"},"modified":"2025-12-09T09:58:16","modified_gmt":"2025-12-09T08:58:16","slug":"dhu-dr-schuessler-nr-7-magnesium-phosphoricum-dhu-250-g-d-6-tabletten","status":"publish","type":"product","link":"https:\/\/www.ernstbrunn-apotheke.at\/katalog\/produkt\/dhu-dr-schuessler-nr-7-magnesium-phosphoricum-dhu-250-g-d-6-tabletten\/","title":{"rendered":"DHU Dr. Sch\u00fc\u00dfler Nr. 7 Magnesium Phosphoricum DHU 250 g D 6 Tabletten"},"content":{"rendered":"<p>DHU bietet hom\u00f6opathische Einzelmittel f\u00fcr Ihre individuelle Therapie. Die eingesetzten Ausgangstoffe sind pflanzlichen, tierischen und mineralischen Ursprungs. Die verwendeten Arzneien werden potenziert, d.h. verd\u00fcnnt und versch\u00fcttelt bzw. verrieben.Das Salz der Muskeln und Nerven.Kleinste Mengen Mineralsalz sorgen nach Dr. Sch\u00fc\u00dfler f\u00fcr Impulse in den Zellen, um die Selbstheilungskr\u00e4fte wieder zu aktivieren..<\/p>\n","protected":false},"excerpt":{"rendered":"<p>DHU bietet hom\u00f6opathische Einzelmittel f\u00fcr Ihre individuelle Therapie. Die eingesetzten Ausgangstoffe sind pflanzlichen, tierischen und mineralischen Ursprungs. Die verwendeten Arzneien werden potenziert, d.h. verd\u00fcnnt und versch\u00fcttelt bzw. verrieben.Das Salz der Muskeln und Nerven.Kleinste Mengen Mineralsalz sorgen nach Dr. Sch\u00fc\u00dfler f\u00fcr Impulse in den Zellen, um die Selbstheilungskr\u00e4fte wieder zu aktivieren..<\/p>\n","protected":false},"featured_media":125763,"template":"","meta":{"_acf_changed":false},"product_brand":[1445],"product_cat":[792],"product_tag":[],"class_list":{"0":"post-125761","1":"product","2":"type-product","3":"status-publish","4":"has-post-thumbnail","6":"product_brand-dhu","7":"product_cat-d","8":"pa_packungsgroesse-250g","10":"first","11":"instock","12":"shipping-taxable","13":"purchasable","14":"product-type-simple"},"acf":[],"_links":{"self":[{"href":"https:\/\/www.ernstbrunn-apotheke.at\/katalog\/wp-json\/wp\/v2\/product\/125761","targetHints":{"allow":["GET"]}}],"collection":[{"href":"https:\/\/www.ernstbrunn-apotheke.at\/katalog\/wp-json\/wp\/v2\/product"}],"about":[{"href":"https:\/\/www.ernstbrunn-apotheke.at\/katalog\/wp-json\/wp\/v2\/types\/product"}],"wp:featuredmedia":[{"embeddable":true,"href":"https:\/\/www.ernstbrunn-apotheke.at\/katalog\/wp-json\/wp\/v2\/media\/125763"}],"wp:attachment":[{"href":"https:\/\/www.ernstbrunn-apotheke.at\/katalog\/wp-json\/wp\/v2\/media?parent=125761"}],"wp:term":[{"taxonomy":"product_brand","embeddable":true,"href":"https:\/\/www.ernstbrunn-apotheke.at\/katalog\/wp-json\/wp\/v2\/product_brand?post=125761"},{"taxonomy":"product_cat","embeddable":true,"href":"https:\/\/www.ernstbrunn-apotheke.at\/katalog\/wp-json\/wp\/v2\/product_cat?post=125761"},{"taxonomy":"product_tag","embeddable":true,"href":"https:\/\/www.ernstbrunn-apotheke.at\/katalog\/wp-json\/wp\/v2\/product_tag?post=125761"}],"curies":[{"name":"wp","href":"https:\/\/api.w.org\/{rel}","templated":true}]}}