{"id":125755,"date":"2025-11-13T14:29:11","date_gmt":"2025-11-13T13:29:11","guid":{"rendered":"https:\/\/www.ernstbrunn-apotheke.at\/katalog\/produkt\/dhu-dr-schuessler-nr-7-magnesium-phosphoricum-dhu-100-g-d-6-tabletten\/"},"modified":"2025-12-09T09:58:15","modified_gmt":"2025-12-09T08:58:15","slug":"dhu-dr-schuessler-nr-7-magnesium-phosphoricum-dhu-100-g-d-6-tabletten","status":"publish","type":"product","link":"https:\/\/www.ernstbrunn-apotheke.at\/katalog\/produkt\/dhu-dr-schuessler-nr-7-magnesium-phosphoricum-dhu-100-g-d-6-tabletten\/","title":{"rendered":"DHU Dr. Sch\u00fc\u00dfler Nr. 7 Magnesium Phosphoricum DHU 100 g D 6 Tabletten"},"content":{"rendered":"<p>DHU bietet hom\u00f6opathische Einzelmittel f\u00fcr Ihre individuelle Therapie. Die eingesetzten Ausgangstoffe sind pflanzlichen, tierischen und mineralischen Ursprungs. Die verwendeten Arzneien werden potenziert, d.h. verd\u00fcnnt und versch\u00fcttelt bzw. verrieben. F\u00fcr Einzelmittel wenden Sie sich an einen Hom\u00f6opathen Ihres Vertrauens. Magnesium phosphoricum ist an der Muskelaktivit\u00e4t beteiligt. Es ist f\u00fcr die \u00dcbertragung von Nervenimpulsen  wichtig. Es hat so auch Anteil am nat\u00fcrlichen Schlaf. Magnesiumphosphat kommt in Nerven\u00ad und Muskelzellen, in Gehirn und R\u00fcckenmark sowie in einer gro\u00dfen Anzahl innerer Organe vor..<\/p>\n","protected":false},"excerpt":{"rendered":"<p>DHU bietet hom\u00f6opathische Einzelmittel f\u00fcr Ihre individuelle Therapie. Die eingesetzten Ausgangstoffe sind pflanzlichen, tierischen und mineralischen Ursprungs. Die verwendeten Arzneien werden potenziert, d.h. verd\u00fcnnt und versch\u00fcttelt bzw. verrieben. F\u00fcr Einzelmittel wenden Sie sich an einen Hom\u00f6opathen Ihres Vertrauens. Magnesium phosphoricum ist an der Muskelaktivit\u00e4t beteiligt. Es ist f\u00fcr die \u00dcbertragung von Nervenimpulsen wichtig. Es hat [&hellip;]<\/p>\n","protected":false},"featured_media":125757,"template":"","meta":{"_acf_changed":false},"product_brand":[1445],"product_cat":[792],"product_tag":[],"class_list":{"0":"post-125755","1":"product","2":"type-product","3":"status-publish","4":"has-post-thumbnail","6":"product_brand-dhu","7":"product_cat-d","8":"pa_packungsgroesse-100g","10":"first","11":"instock","12":"shipping-taxable","13":"purchasable","14":"product-type-simple"},"acf":[],"_links":{"self":[{"href":"https:\/\/www.ernstbrunn-apotheke.at\/katalog\/wp-json\/wp\/v2\/product\/125755","targetHints":{"allow":["GET"]}}],"collection":[{"href":"https:\/\/www.ernstbrunn-apotheke.at\/katalog\/wp-json\/wp\/v2\/product"}],"about":[{"href":"https:\/\/www.ernstbrunn-apotheke.at\/katalog\/wp-json\/wp\/v2\/types\/product"}],"wp:featuredmedia":[{"embeddable":true,"href":"https:\/\/www.ernstbrunn-apotheke.at\/katalog\/wp-json\/wp\/v2\/media\/125757"}],"wp:attachment":[{"href":"https:\/\/www.ernstbrunn-apotheke.at\/katalog\/wp-json\/wp\/v2\/media?parent=125755"}],"wp:term":[{"taxonomy":"product_brand","embeddable":true,"href":"https:\/\/www.ernstbrunn-apotheke.at\/katalog\/wp-json\/wp\/v2\/product_brand?post=125755"},{"taxonomy":"product_cat","embeddable":true,"href":"https:\/\/www.ernstbrunn-apotheke.at\/katalog\/wp-json\/wp\/v2\/product_cat?post=125755"},{"taxonomy":"product_tag","embeddable":true,"href":"https:\/\/www.ernstbrunn-apotheke.at\/katalog\/wp-json\/wp\/v2\/product_tag?post=125755"}],"curies":[{"name":"wp","href":"https:\/\/api.w.org\/{rel}","templated":true}]}}