{"id":125753,"date":"2025-11-13T14:29:01","date_gmt":"2025-11-13T13:29:01","guid":{"rendered":"https:\/\/www.ernstbrunn-apotheke.at\/katalog\/produkt\/st-severin-magentee-70-g\/"},"modified":"2025-12-09T09:58:15","modified_gmt":"2025-12-09T08:58:15","slug":"st-severin-magentee-70-g","status":"publish","type":"product","link":"https:\/\/www.ernstbrunn-apotheke.at\/katalog\/produkt\/st-severin-magentee-70-g\/","title":{"rendered":"St. Severin Magentee 70 g"},"content":{"rendered":"<p>St. Severin Magentee enth\u00e4lt Wermutkraut, Tausendguldenkraut, L\u00f6wenzahnblatt, s\u00fc\u00dfe Orangenschalen und Johanniskraut.  Die aromatischen Bittermittel regen die T\u00e4tigkeit der Verdauungsorgane an und aktivieren die Produktion von Verdauungss\u00e4ften im Mund, Magen, Galle, Leber und Darm. Der Tee ist geeignet bei Beschwerden im Bereich von Magen und Darm wie V\u00f6llegef\u00fchl, Bl\u00e4hungen und Verdauungsbeschwerden.<\/p>\n","protected":false},"excerpt":{"rendered":"<p>St. Severin Magentee enth\u00e4lt Wermutkraut, Tausendguldenkraut, L\u00f6wenzahnblatt, s\u00fc\u00dfe Orangenschalen und Johanniskraut. Die aromatischen Bittermittel regen die T\u00e4tigkeit der Verdauungsorgane an und aktivieren die Produktion von Verdauungss\u00e4ften im Mund, Magen, Galle, Leber und Darm. Der Tee ist geeignet bei Beschwerden im Bereich von Magen und Darm wie V\u00f6llegef\u00fchl, Bl\u00e4hungen und Verdauungsbeschwerden.<\/p>\n","protected":false},"featured_media":0,"template":"","meta":{"_acf_changed":false},"product_brand":[435],"product_cat":[791],"product_tag":[],"class_list":{"0":"post-125753","1":"product","2":"type-product","3":"status-publish","5":"product_brand-st-severin","6":"product_cat-s","7":"pa_packungsgroesse-70g","9":"first","10":"instock","11":"shipping-taxable","12":"purchasable","13":"product-type-simple"},"acf":[],"_links":{"self":[{"href":"https:\/\/www.ernstbrunn-apotheke.at\/katalog\/wp-json\/wp\/v2\/product\/125753","targetHints":{"allow":["GET"]}}],"collection":[{"href":"https:\/\/www.ernstbrunn-apotheke.at\/katalog\/wp-json\/wp\/v2\/product"}],"about":[{"href":"https:\/\/www.ernstbrunn-apotheke.at\/katalog\/wp-json\/wp\/v2\/types\/product"}],"wp:attachment":[{"href":"https:\/\/www.ernstbrunn-apotheke.at\/katalog\/wp-json\/wp\/v2\/media?parent=125753"}],"wp:term":[{"taxonomy":"product_brand","embeddable":true,"href":"https:\/\/www.ernstbrunn-apotheke.at\/katalog\/wp-json\/wp\/v2\/product_brand?post=125753"},{"taxonomy":"product_cat","embeddable":true,"href":"https:\/\/www.ernstbrunn-apotheke.at\/katalog\/wp-json\/wp\/v2\/product_cat?post=125753"},{"taxonomy":"product_tag","embeddable":true,"href":"https:\/\/www.ernstbrunn-apotheke.at\/katalog\/wp-json\/wp\/v2\/product_tag?post=125753"}],"curies":[{"name":"wp","href":"https:\/\/api.w.org\/{rel}","templated":true}]}}