{"id":125724,"date":"2025-11-13T14:27:59","date_gmt":"2025-11-13T13:27:59","guid":{"rendered":"https:\/\/www.ernstbrunn-apotheke.at\/katalog\/produkt\/madara-infusion-blanc-supreme-hydration-body-lotion-200-ml\/"},"modified":"2025-12-09T09:58:12","modified_gmt":"2025-12-09T08:58:12","slug":"madara-infusion-blanc-supreme-hydration-body-lotion-200-ml","status":"publish","type":"product","link":"https:\/\/www.ernstbrunn-apotheke.at\/katalog\/produkt\/madara-infusion-blanc-supreme-hydration-body-lotion-200-ml\/","title":{"rendered":"Madara Infusion Blanc Supreme Hydration Body Lotion 200 ml"},"content":{"rendered":"<p>Infusion Blanc Supreme Hydration Body Lotion &#8211; umh\u00fcllen Sie Ihren K\u00f6rper mit einer himmlischen Weichheit und Komfort &#8211; mit dieser leichten feuchtigkeitsspendenden Formel, die Ihre Haut befeuchtet und regeneriert, um sie unwiderstehlich weich und glatt zu machen. Mit einer luxuri\u00f6sen Mischung aus weichmachendem Haferextrakt und aromatischen Essenzen aus Jasmin und M\u00e4des\u00fc\u00df angereichert, erh\u00f6ht sie zudem Ihr Wohlbefinden.<\/p>\n","protected":false},"excerpt":{"rendered":"<p>Infusion Blanc Supreme Hydration Body Lotion &#8211; umh\u00fcllen Sie Ihren K\u00f6rper mit einer himmlischen Weichheit und Komfort &#8211; mit dieser leichten feuchtigkeitsspendenden Formel, die Ihre Haut befeuchtet und regeneriert, um sie unwiderstehlich weich und glatt zu machen. Mit einer luxuri\u00f6sen Mischung aus weichmachendem Haferextrakt und aromatischen Essenzen aus Jasmin und M\u00e4des\u00fc\u00df angereichert, erh\u00f6ht sie zudem [&hellip;]<\/p>\n","protected":false},"featured_media":125726,"template":"","meta":{"_acf_changed":false},"product_brand":[1253],"product_cat":[800],"product_tag":[],"class_list":{"0":"post-125724","1":"product","2":"type-product","3":"status-publish","4":"has-post-thumbnail","6":"product_brand-madara","7":"product_cat-m","8":"pa_packungsgroesse-200ml","10":"first","11":"instock","12":"shipping-taxable","13":"purchasable","14":"product-type-simple"},"acf":[],"_links":{"self":[{"href":"https:\/\/www.ernstbrunn-apotheke.at\/katalog\/wp-json\/wp\/v2\/product\/125724","targetHints":{"allow":["GET"]}}],"collection":[{"href":"https:\/\/www.ernstbrunn-apotheke.at\/katalog\/wp-json\/wp\/v2\/product"}],"about":[{"href":"https:\/\/www.ernstbrunn-apotheke.at\/katalog\/wp-json\/wp\/v2\/types\/product"}],"wp:featuredmedia":[{"embeddable":true,"href":"https:\/\/www.ernstbrunn-apotheke.at\/katalog\/wp-json\/wp\/v2\/media\/125726"}],"wp:attachment":[{"href":"https:\/\/www.ernstbrunn-apotheke.at\/katalog\/wp-json\/wp\/v2\/media?parent=125724"}],"wp:term":[{"taxonomy":"product_brand","embeddable":true,"href":"https:\/\/www.ernstbrunn-apotheke.at\/katalog\/wp-json\/wp\/v2\/product_brand?post=125724"},{"taxonomy":"product_cat","embeddable":true,"href":"https:\/\/www.ernstbrunn-apotheke.at\/katalog\/wp-json\/wp\/v2\/product_cat?post=125724"},{"taxonomy":"product_tag","embeddable":true,"href":"https:\/\/www.ernstbrunn-apotheke.at\/katalog\/wp-json\/wp\/v2\/product_tag?post=125724"}],"curies":[{"name":"wp","href":"https:\/\/api.w.org\/{rel}","templated":true}]}}