{"id":125720,"date":"2025-11-13T14:27:59","date_gmt":"2025-11-13T13:27:59","guid":{"rendered":"https:\/\/www.ernstbrunn-apotheke.at\/katalog\/produkt\/madara-infinity-mist-probiotic-essence-100-ml\/"},"modified":"2025-12-09T09:58:11","modified_gmt":"2025-12-09T08:58:11","slug":"madara-infinity-mist-probiotic-essence-100-ml","status":"publish","type":"product","link":"https:\/\/www.ernstbrunn-apotheke.at\/katalog\/produkt\/madara-infinity-mist-probiotic-essence-100-ml\/","title":{"rendered":"Madara Infinity Mist Probiotic Essence 100 ml"},"content":{"rendered":"<p>Im Laufe von Tausenden von Jahren haben sich im rauen nordischen Klima Pflanzen mit au\u00dfergew\u00f6hnlichen Eigenschaften entwickelt. Diese tiefen Wurzeln, bitteren Bl\u00e4tter und knorrigen Rinden haben Wunden geheilt und Leben gerettet. Eingefangen in dieser probiotischen Essenz, f\u00e4llt ihre zeitlose Weisheit wie durstl\u00f6schender Nebel auf Ihre Haut, um die Hydratation, das Wohlbefinden und den Schutz zu verbessern und Ihren Teint zum taufrischen, unendlichen Strahlen zu bringen. Mit wasserbindenden Pflanzenzuckern und Hyalurons\u00e4ure erneuert dieses leichte, jedoch wirksame Gesichtswasser die Feuchtigkeit in der Haut und verbessert so auch deren Wohlbefinden und Schutz. Probiotischer Lactobacillus-Stamm normalisiert das Mikrobiom der Haut, sch\u00fctzt ihre Feuchtigkeitsbarriere und verhindert transepidermalen Wasserverlust, w\u00e4hrend die in der Fabrik von M\u00c1DARA entwickelten Polyphenole die umweltbedingten Aggressoren abwehren. Ihre Haut wird sofort erfrischt, beruhigt und ist strahlender. F\u00fcr alle Hauttypen und alle Altersg ruppen geeignet. Auf das saubere Gesicht und Dekollet\u00e9 morgens und tags\u00fcber aufspr\u00fchen. Verlassen Sie sich auf den Spr\u00fchnebel als Ihren t\u00e4glichen Begleiter und Retter, der f\u00fcr das Beruhigen, Wohlbefinden, Ausgleichen und Befeuchten Ihrer Haut sorgt. F\u00fcr eine ultimative St\u00e4rkung der Abwehrkraft zusammen mit Infinity Drops Immuno-Serum anwenden.<\/p>\n","protected":false},"excerpt":{"rendered":"<p>Im Laufe von Tausenden von Jahren haben sich im rauen nordischen Klima Pflanzen mit au\u00dfergew\u00f6hnlichen Eigenschaften entwickelt. Diese tiefen Wurzeln, bitteren Bl\u00e4tter und knorrigen Rinden haben Wunden geheilt und Leben gerettet. Eingefangen in dieser probiotischen Essenz, f\u00e4llt ihre zeitlose Weisheit wie durstl\u00f6schender Nebel auf Ihre Haut, um die Hydratation, das Wohlbefinden und den Schutz zu [&hellip;]<\/p>\n","protected":false},"featured_media":125722,"template":"","meta":{"_acf_changed":false},"product_brand":[1253],"product_cat":[800],"product_tag":[],"class_list":{"0":"post-125720","1":"product","2":"type-product","3":"status-publish","4":"has-post-thumbnail","6":"product_brand-madara","7":"product_cat-m","8":"pa_packungsgroesse-100ml","10":"first","11":"instock","12":"shipping-taxable","13":"purchasable","14":"product-type-simple"},"acf":[],"_links":{"self":[{"href":"https:\/\/www.ernstbrunn-apotheke.at\/katalog\/wp-json\/wp\/v2\/product\/125720","targetHints":{"allow":["GET"]}}],"collection":[{"href":"https:\/\/www.ernstbrunn-apotheke.at\/katalog\/wp-json\/wp\/v2\/product"}],"about":[{"href":"https:\/\/www.ernstbrunn-apotheke.at\/katalog\/wp-json\/wp\/v2\/types\/product"}],"wp:featuredmedia":[{"embeddable":true,"href":"https:\/\/www.ernstbrunn-apotheke.at\/katalog\/wp-json\/wp\/v2\/media\/125722"}],"wp:attachment":[{"href":"https:\/\/www.ernstbrunn-apotheke.at\/katalog\/wp-json\/wp\/v2\/media?parent=125720"}],"wp:term":[{"taxonomy":"product_brand","embeddable":true,"href":"https:\/\/www.ernstbrunn-apotheke.at\/katalog\/wp-json\/wp\/v2\/product_brand?post=125720"},{"taxonomy":"product_cat","embeddable":true,"href":"https:\/\/www.ernstbrunn-apotheke.at\/katalog\/wp-json\/wp\/v2\/product_cat?post=125720"},{"taxonomy":"product_tag","embeddable":true,"href":"https:\/\/www.ernstbrunn-apotheke.at\/katalog\/wp-json\/wp\/v2\/product_tag?post=125720"}],"curies":[{"name":"wp","href":"https:\/\/api.w.org\/{rel}","templated":true}]}}