{"id":125708,"date":"2025-11-13T14:27:38","date_gmt":"2025-11-13T13:27:38","guid":{"rendered":"https:\/\/www.ernstbrunn-apotheke.at\/katalog\/produkt\/madara-citycc-hyaluronic-anti-pollution-cc-cream-spf-15-light-40-ml\/"},"modified":"2025-12-09T09:58:09","modified_gmt":"2025-12-09T08:58:09","slug":"madara-citycc-hyaluronic-anti-pollution-cc-cream-spf-15-light-40-ml","status":"publish","type":"product","link":"https:\/\/www.ernstbrunn-apotheke.at\/katalog\/produkt\/madara-citycc-hyaluronic-anti-pollution-cc-cream-spf-15-light-40-ml\/","title":{"rendered":"Madara Citycc Hyaluronic Anti-Pollution CC Cream SPF 15 light 40 ml"},"content":{"rendered":"<p>Die Citycc Hyaluronic Anti-Pollution CC Cream ist die neuste Innovation: Nat\u00fcrliche Formel mit LSF 15, die durch ihre seidige Textur der Haut einen nat\u00fcrlichen, gleichm\u00e4\u00dfigen und strahlenden Teint verleiht. Ton: Hellbeige. Diese vor sch\u00e4dlichen Umwelteinfl\u00fcssen sch\u00fctzende CC Creme gleicht alle Unreinheiten des Hauttons aus, einschlie\u00dflich grauer, fahler oder dunkler Flecken sowie R\u00f6tung. Wissenschaftlich bewiesener Schutz Ihrer Haut vor st\u00e4dtischen Schadstoffen, sodass die Bildung verstopfter Poren oder Entz\u00fcndungen verhindert wird. Mit ihrem Breitspektrum UVA\/UVB Sonnenschutz und ihrer intensiv feuchtigkeitsspendenden Hyalurons\u00e4ure ist CITY CC ein Muss f\u00fcr jede Gro\u00dfst\u00e4dterin und jeden Gro\u00dfst\u00e4dter.<\/p>\n","protected":false},"excerpt":{"rendered":"<p>Die Citycc Hyaluronic Anti-Pollution CC Cream ist die neuste Innovation: Nat\u00fcrliche Formel mit LSF 15, die durch ihre seidige Textur der Haut einen nat\u00fcrlichen, gleichm\u00e4\u00dfigen und strahlenden Teint verleiht. Ton: Hellbeige. Diese vor sch\u00e4dlichen Umwelteinfl\u00fcssen sch\u00fctzende CC Creme gleicht alle Unreinheiten des Hauttons aus, einschlie\u00dflich grauer, fahler oder dunkler Flecken sowie R\u00f6tung. Wissenschaftlich bewiesener Schutz [&hellip;]<\/p>\n","protected":false},"featured_media":125710,"template":"","meta":{"_acf_changed":false},"product_brand":[1253],"product_cat":[800],"product_tag":[],"class_list":{"0":"post-125708","1":"product","2":"type-product","3":"status-publish","4":"has-post-thumbnail","6":"product_brand-madara","7":"product_cat-m","8":"pa_packungsgroesse-40ml","10":"first","11":"instock","12":"shipping-taxable","13":"purchasable","14":"product-type-simple"},"acf":[],"_links":{"self":[{"href":"https:\/\/www.ernstbrunn-apotheke.at\/katalog\/wp-json\/wp\/v2\/product\/125708","targetHints":{"allow":["GET"]}}],"collection":[{"href":"https:\/\/www.ernstbrunn-apotheke.at\/katalog\/wp-json\/wp\/v2\/product"}],"about":[{"href":"https:\/\/www.ernstbrunn-apotheke.at\/katalog\/wp-json\/wp\/v2\/types\/product"}],"wp:featuredmedia":[{"embeddable":true,"href":"https:\/\/www.ernstbrunn-apotheke.at\/katalog\/wp-json\/wp\/v2\/media\/125710"}],"wp:attachment":[{"href":"https:\/\/www.ernstbrunn-apotheke.at\/katalog\/wp-json\/wp\/v2\/media?parent=125708"}],"wp:term":[{"taxonomy":"product_brand","embeddable":true,"href":"https:\/\/www.ernstbrunn-apotheke.at\/katalog\/wp-json\/wp\/v2\/product_brand?post=125708"},{"taxonomy":"product_cat","embeddable":true,"href":"https:\/\/www.ernstbrunn-apotheke.at\/katalog\/wp-json\/wp\/v2\/product_cat?post=125708"},{"taxonomy":"product_tag","embeddable":true,"href":"https:\/\/www.ernstbrunn-apotheke.at\/katalog\/wp-json\/wp\/v2\/product_tag?post=125708"}],"curies":[{"name":"wp","href":"https:\/\/api.w.org\/{rel}","templated":true}]}}