{"id":125705,"date":"2025-11-13T14:27:38","date_gmt":"2025-11-13T13:27:38","guid":{"rendered":"https:\/\/www.ernstbrunn-apotheke.at\/katalog\/produkt\/madara-starter-set-become-organic-200-ml\/"},"modified":"2025-12-09T09:58:09","modified_gmt":"2025-12-09T08:58:09","slug":"madara-starter-set-become-organic-200-ml","status":"publish","type":"product","link":"https:\/\/www.ernstbrunn-apotheke.at\/katalog\/produkt\/madara-starter-set-become-organic-200-ml\/","title":{"rendered":"Madara Starter Set Become Organic 200 ml"},"content":{"rendered":"<p>Madara Starter Set Become Organic enth\u00e4lt drei zauberhafte Pflegeprodukte f\u00fcr einen strahlenden Teint. Das Set enth\u00e4lt Purifying Foam (150ml), Deep Moisture Fluid und die Regenerating Night Cream (jeweils 25ml)  \u2013 jetzt Produkte von Madara mit hohem Rabatt bestellen!<\/p>\n","protected":false},"excerpt":{"rendered":"<p>Madara Starter Set Become Organic enth\u00e4lt drei zauberhafte Pflegeprodukte f\u00fcr einen strahlenden Teint. Das Set enth\u00e4lt Purifying Foam (150ml), Deep Moisture Fluid und die Regenerating Night Cream (jeweils 25ml) \u2013 jetzt Produkte von Madara mit hohem Rabatt bestellen!<\/p>\n","protected":false},"featured_media":125707,"template":"","meta":{"_acf_changed":false},"product_brand":[1253],"product_cat":[800],"product_tag":[],"class_list":{"0":"post-125705","1":"product","2":"type-product","3":"status-publish","4":"has-post-thumbnail","6":"product_brand-madara","7":"product_cat-m","8":"pa_packungsgroesse-200ml","10":"first","11":"instock","12":"shipping-taxable","13":"purchasable","14":"product-type-simple"},"acf":[],"_links":{"self":[{"href":"https:\/\/www.ernstbrunn-apotheke.at\/katalog\/wp-json\/wp\/v2\/product\/125705","targetHints":{"allow":["GET"]}}],"collection":[{"href":"https:\/\/www.ernstbrunn-apotheke.at\/katalog\/wp-json\/wp\/v2\/product"}],"about":[{"href":"https:\/\/www.ernstbrunn-apotheke.at\/katalog\/wp-json\/wp\/v2\/types\/product"}],"wp:featuredmedia":[{"embeddable":true,"href":"https:\/\/www.ernstbrunn-apotheke.at\/katalog\/wp-json\/wp\/v2\/media\/125707"}],"wp:attachment":[{"href":"https:\/\/www.ernstbrunn-apotheke.at\/katalog\/wp-json\/wp\/v2\/media?parent=125705"}],"wp:term":[{"taxonomy":"product_brand","embeddable":true,"href":"https:\/\/www.ernstbrunn-apotheke.at\/katalog\/wp-json\/wp\/v2\/product_brand?post=125705"},{"taxonomy":"product_cat","embeddable":true,"href":"https:\/\/www.ernstbrunn-apotheke.at\/katalog\/wp-json\/wp\/v2\/product_cat?post=125705"},{"taxonomy":"product_tag","embeddable":true,"href":"https:\/\/www.ernstbrunn-apotheke.at\/katalog\/wp-json\/wp\/v2\/product_tag?post=125705"}],"curies":[{"name":"wp","href":"https:\/\/api.w.org\/{rel}","templated":true}]}}