{"id":125701,"date":"2025-11-13T14:27:21","date_gmt":"2025-11-13T13:27:21","guid":{"rendered":"https:\/\/www.ernstbrunn-apotheke.at\/katalog\/produkt\/madara-antioxidant-sunscreen-spf30-koerper-100-ml\/"},"modified":"2025-12-09T09:58:08","modified_gmt":"2025-12-09T08:58:08","slug":"madara-antioxidant-sunscreen-spf30-koerper-100-ml","status":"publish","type":"product","link":"https:\/\/www.ernstbrunn-apotheke.at\/katalog\/produkt\/madara-antioxidant-sunscreen-spf30-koerper-100-ml\/","title":{"rendered":"Madara Antioxidant Sunscreen SPF30 K\u00f6rper 100 ml"},"content":{"rendered":"<p>M\u00e1dara Antioxidant Sunscreen SPF30 K\u00f6rper 100 ml mit der leichten, durchsichtigen Textur und Vitamin E &#038; C gew\u00e4hrleistet mit einem LSF 30 einen ausgezeichneten UVA\/UVB Schutz. Die innovative SPF30 Formel mit zum Patent angemeldeten Stammzellen aus dem nordischen Drachenkopf versorgt die Haut mit Antioxidantien und sch\u00fctzt sie vor Luftverschmutzung und allen Arten der Sonnensch\u00e4digung. Auch f\u00fcr Kinder geeignet! &#8211; Wir bieten Ihnen das Sortiment einer Standortapotheke, direkt zu Ihnen nach Hause geliefert!<\/p>\n","protected":false},"excerpt":{"rendered":"<p>M\u00e1dara Antioxidant Sunscreen SPF30 K\u00f6rper 100 ml mit der leichten, durchsichtigen Textur und Vitamin E &#038; C gew\u00e4hrleistet mit einem LSF 30 einen ausgezeichneten UVA\/UVB Schutz. Die innovative SPF30 Formel mit zum Patent angemeldeten Stammzellen aus dem nordischen Drachenkopf versorgt die Haut mit Antioxidantien und sch\u00fctzt sie vor Luftverschmutzung und allen Arten der Sonnensch\u00e4digung. Auch [&hellip;]<\/p>\n","protected":false},"featured_media":125703,"template":"","meta":{"_acf_changed":false},"product_brand":[1253],"product_cat":[800],"product_tag":[],"class_list":{"0":"post-125701","1":"product","2":"type-product","3":"status-publish","4":"has-post-thumbnail","6":"product_brand-madara","7":"product_cat-m","8":"pa_packungsgroesse-100ml","10":"first","11":"instock","12":"shipping-taxable","13":"purchasable","14":"product-type-simple"},"acf":[],"_links":{"self":[{"href":"https:\/\/www.ernstbrunn-apotheke.at\/katalog\/wp-json\/wp\/v2\/product\/125701","targetHints":{"allow":["GET"]}}],"collection":[{"href":"https:\/\/www.ernstbrunn-apotheke.at\/katalog\/wp-json\/wp\/v2\/product"}],"about":[{"href":"https:\/\/www.ernstbrunn-apotheke.at\/katalog\/wp-json\/wp\/v2\/types\/product"}],"wp:featuredmedia":[{"embeddable":true,"href":"https:\/\/www.ernstbrunn-apotheke.at\/katalog\/wp-json\/wp\/v2\/media\/125703"}],"wp:attachment":[{"href":"https:\/\/www.ernstbrunn-apotheke.at\/katalog\/wp-json\/wp\/v2\/media?parent=125701"}],"wp:term":[{"taxonomy":"product_brand","embeddable":true,"href":"https:\/\/www.ernstbrunn-apotheke.at\/katalog\/wp-json\/wp\/v2\/product_brand?post=125701"},{"taxonomy":"product_cat","embeddable":true,"href":"https:\/\/www.ernstbrunn-apotheke.at\/katalog\/wp-json\/wp\/v2\/product_cat?post=125701"},{"taxonomy":"product_tag","embeddable":true,"href":"https:\/\/www.ernstbrunn-apotheke.at\/katalog\/wp-json\/wp\/v2\/product_tag?post=125701"}],"curies":[{"name":"wp","href":"https:\/\/api.w.org\/{rel}","templated":true}]}}