{"id":125675,"date":"2025-11-13T14:26:37","date_gmt":"2025-11-13T13:26:37","guid":{"rendered":"https:\/\/www.ernstbrunn-apotheke.at\/katalog\/produkt\/life-light-maca-pulver-bio-125-g\/"},"modified":"2025-12-09T09:58:06","modified_gmt":"2025-12-09T08:58:06","slug":"life-light-maca-pulver-bio-125-g","status":"publish","type":"product","link":"https:\/\/www.ernstbrunn-apotheke.at\/katalog\/produkt\/life-light-maca-pulver-bio-125-g\/","title":{"rendered":"Life Light Maca Pulver Bio 125 g"},"content":{"rendered":"<p>Maca Pulver Bio Life Light ist ein hochwertiges Wurzelknollen Pulver aus der Maca-Pflanze. Der Maca-Wurzel werden positive Effekte auf die k\u00f6rperliche Leistungsf\u00e4higkeit und die psychische Belastbarkeit zugeschrieben. Das Pulver kann einfach in Milch, Shakes, Yoghurt oder in S\u00e4ften beigemischt werden.<\/p>\n","protected":false},"excerpt":{"rendered":"<p>Maca Pulver Bio Life Light ist ein hochwertiges Wurzelknollen Pulver aus der Maca-Pflanze. Der Maca-Wurzel werden positive Effekte auf die k\u00f6rperliche Leistungsf\u00e4higkeit und die psychische Belastbarkeit zugeschrieben. Das Pulver kann einfach in Milch, Shakes, Yoghurt oder in S\u00e4ften beigemischt werden.<\/p>\n","protected":false},"featured_media":125677,"template":"","meta":{"_acf_changed":false},"product_brand":[],"product_cat":[795],"product_tag":[],"class_list":{"0":"post-125675","1":"product","2":"type-product","3":"status-publish","4":"has-post-thumbnail","6":"product_cat-l","7":"pa_packungsgroesse-125g","9":"first","10":"instock","11":"shipping-taxable","12":"purchasable","13":"product-type-simple"},"acf":[],"_links":{"self":[{"href":"https:\/\/www.ernstbrunn-apotheke.at\/katalog\/wp-json\/wp\/v2\/product\/125675","targetHints":{"allow":["GET"]}}],"collection":[{"href":"https:\/\/www.ernstbrunn-apotheke.at\/katalog\/wp-json\/wp\/v2\/product"}],"about":[{"href":"https:\/\/www.ernstbrunn-apotheke.at\/katalog\/wp-json\/wp\/v2\/types\/product"}],"wp:featuredmedia":[{"embeddable":true,"href":"https:\/\/www.ernstbrunn-apotheke.at\/katalog\/wp-json\/wp\/v2\/media\/125677"}],"wp:attachment":[{"href":"https:\/\/www.ernstbrunn-apotheke.at\/katalog\/wp-json\/wp\/v2\/media?parent=125675"}],"wp:term":[{"taxonomy":"product_brand","embeddable":true,"href":"https:\/\/www.ernstbrunn-apotheke.at\/katalog\/wp-json\/wp\/v2\/product_brand?post=125675"},{"taxonomy":"product_cat","embeddable":true,"href":"https:\/\/www.ernstbrunn-apotheke.at\/katalog\/wp-json\/wp\/v2\/product_cat?post=125675"},{"taxonomy":"product_tag","embeddable":true,"href":"https:\/\/www.ernstbrunn-apotheke.at\/katalog\/wp-json\/wp\/v2\/product_tag?post=125675"}],"curies":[{"name":"wp","href":"https:\/\/api.w.org\/{rel}","templated":true}]}}