{"id":125668,"date":"2025-11-13T14:26:16","date_gmt":"2025-11-13T13:26:16","guid":{"rendered":"https:\/\/www.ernstbrunn-apotheke.at\/katalog\/produkt\/lysoform-fugaten-spray-5-l\/"},"modified":"2025-12-09T09:58:05","modified_gmt":"2025-12-09T08:58:05","slug":"lysoform-fugaten-spray-5-l","status":"publish","type":"product","link":"https:\/\/www.ernstbrunn-apotheke.at\/katalog\/produkt\/lysoform-fugaten-spray-5-l\/","title":{"rendered":"Lysoform Fugaten Spray 5 L"},"content":{"rendered":"<p>Lysoform Fugaten Spray zur Schnell-Desinfektion von kleinen Fl\u00e4chen und Gegenst\u00e4nden (z. B. OP-Tische, Untersuchungsst\u00fchle), schwer zug\u00e4nglichen Fl\u00e4chen und sonstigen alkoholbest\u00e4ndigen Materialien Dieses Produkt erhalten Sie in den Packungsgr\u00f6\u00dfen 500 ml und 5 l.<\/p>\n","protected":false},"excerpt":{"rendered":"<p>Lysoform Fugaten Spray zur Schnell-Desinfektion von kleinen Fl\u00e4chen und Gegenst\u00e4nden (z. B. OP-Tische, Untersuchungsst\u00fchle), schwer zug\u00e4nglichen Fl\u00e4chen und sonstigen alkoholbest\u00e4ndigen Materialien Dieses Produkt erhalten Sie in den Packungsgr\u00f6\u00dfen 500 ml und 5 l.<\/p>\n","protected":false},"featured_media":125670,"template":"","meta":{"_acf_changed":false},"product_brand":[],"product_cat":[795],"product_tag":[],"class_list":{"0":"post-125668","1":"product","2":"type-product","3":"status-publish","4":"has-post-thumbnail","6":"product_cat-l","7":"pa_packungsgroesse-5l","9":"first","10":"instock","11":"shipping-taxable","12":"purchasable","13":"product-type-simple"},"acf":[],"_links":{"self":[{"href":"https:\/\/www.ernstbrunn-apotheke.at\/katalog\/wp-json\/wp\/v2\/product\/125668","targetHints":{"allow":["GET"]}}],"collection":[{"href":"https:\/\/www.ernstbrunn-apotheke.at\/katalog\/wp-json\/wp\/v2\/product"}],"about":[{"href":"https:\/\/www.ernstbrunn-apotheke.at\/katalog\/wp-json\/wp\/v2\/types\/product"}],"wp:featuredmedia":[{"embeddable":true,"href":"https:\/\/www.ernstbrunn-apotheke.at\/katalog\/wp-json\/wp\/v2\/media\/125670"}],"wp:attachment":[{"href":"https:\/\/www.ernstbrunn-apotheke.at\/katalog\/wp-json\/wp\/v2\/media?parent=125668"}],"wp:term":[{"taxonomy":"product_brand","embeddable":true,"href":"https:\/\/www.ernstbrunn-apotheke.at\/katalog\/wp-json\/wp\/v2\/product_brand?post=125668"},{"taxonomy":"product_cat","embeddable":true,"href":"https:\/\/www.ernstbrunn-apotheke.at\/katalog\/wp-json\/wp\/v2\/product_cat?post=125668"},{"taxonomy":"product_tag","embeddable":true,"href":"https:\/\/www.ernstbrunn-apotheke.at\/katalog\/wp-json\/wp\/v2\/product_tag?post=125668"}],"curies":[{"name":"wp","href":"https:\/\/api.w.org\/{rel}","templated":true}]}}