{"id":125665,"date":"2025-11-13T14:26:16","date_gmt":"2025-11-13T13:26:16","guid":{"rendered":"https:\/\/www.ernstbrunn-apotheke.at\/katalog\/produkt\/lysoform-ahd-2000-h-h-500-ml\/"},"modified":"2025-12-09T09:58:05","modified_gmt":"2025-12-09T08:58:05","slug":"lysoform-ahd-2000-h-h-500-ml","status":"publish","type":"product","link":"https:\/\/www.ernstbrunn-apotheke.at\/katalog\/produkt\/lysoform-ahd-2000-h-h-500-ml\/","title":{"rendered":"Lysoform AHD 2000 H\/h 500 ml"},"content":{"rendered":"<p>Lysoform AHD 2000 H\/h wird zur Desinfektion von unverletzter Haut und den H\u00e4nden eingesetzt und hat ein breites Wirkungsspektrum gegen Bakterien, Pilze oder Viren. Die L\u00f6sung ist auch bei h\u00e4ufiger Anwendung gut hautvertr\u00e4glich.<\/p>\n","protected":false},"excerpt":{"rendered":"<p>Lysoform AHD 2000 H\/h wird zur Desinfektion von unverletzter Haut und den H\u00e4nden eingesetzt und hat ein breites Wirkungsspektrum gegen Bakterien, Pilze oder Viren. Die L\u00f6sung ist auch bei h\u00e4ufiger Anwendung gut hautvertr\u00e4glich.<\/p>\n","protected":false},"featured_media":125667,"template":"","meta":{"_acf_changed":false},"product_brand":[],"product_cat":[795],"product_tag":[],"class_list":{"0":"post-125665","1":"product","2":"type-product","3":"status-publish","4":"has-post-thumbnail","6":"product_cat-l","7":"pa_packungsgroesse-500ml","9":"first","10":"instock","11":"shipping-taxable","12":"purchasable","13":"product-type-simple"},"acf":[],"_links":{"self":[{"href":"https:\/\/www.ernstbrunn-apotheke.at\/katalog\/wp-json\/wp\/v2\/product\/125665","targetHints":{"allow":["GET"]}}],"collection":[{"href":"https:\/\/www.ernstbrunn-apotheke.at\/katalog\/wp-json\/wp\/v2\/product"}],"about":[{"href":"https:\/\/www.ernstbrunn-apotheke.at\/katalog\/wp-json\/wp\/v2\/types\/product"}],"wp:featuredmedia":[{"embeddable":true,"href":"https:\/\/www.ernstbrunn-apotheke.at\/katalog\/wp-json\/wp\/v2\/media\/125667"}],"wp:attachment":[{"href":"https:\/\/www.ernstbrunn-apotheke.at\/katalog\/wp-json\/wp\/v2\/media?parent=125665"}],"wp:term":[{"taxonomy":"product_brand","embeddable":true,"href":"https:\/\/www.ernstbrunn-apotheke.at\/katalog\/wp-json\/wp\/v2\/product_brand?post=125665"},{"taxonomy":"product_cat","embeddable":true,"href":"https:\/\/www.ernstbrunn-apotheke.at\/katalog\/wp-json\/wp\/v2\/product_cat?post=125665"},{"taxonomy":"product_tag","embeddable":true,"href":"https:\/\/www.ernstbrunn-apotheke.at\/katalog\/wp-json\/wp\/v2\/product_tag?post=125665"}],"curies":[{"name":"wp","href":"https:\/\/api.w.org\/{rel}","templated":true}]}}