{"id":125645,"date":"2025-11-13T14:25:55","date_gmt":"2025-11-13T13:25:55","guid":{"rendered":"https:\/\/www.ernstbrunn-apotheke.at\/katalog\/produkt\/gall-pharma-l-phenylalanin-500-mg-kapseln-90-stk\/"},"modified":"2025-12-09T09:58:02","modified_gmt":"2025-12-09T08:58:02","slug":"gall-pharma-l-phenylalanin-500-mg-kapseln-90-stk","status":"publish","type":"product","link":"https:\/\/www.ernstbrunn-apotheke.at\/katalog\/produkt\/gall-pharma-l-phenylalanin-500-mg-kapseln-90-stk\/","title":{"rendered":"Gall Pharma L-Phenylalanin 500 mg Kapseln 90 Stk."},"content":{"rendered":"<p>L-Phenylalanin 500 mg GPH Kapseln enthalten 500 mg L-Phenylalanin in einer Hartgelatinekapsel. Diese Aminos\u00e4ure spielt als Vorstufe vieler wichtiger Botenstoffe eine gro\u00dfe und vielseitige Rolle im Gehirn. Weiters ist sie Ausgangsmaterial f\u00fcr L-Tyrosin und f\u00fcr die Bildung weiterer wichtiger Stoffe im K\u00f6rper verantwortlich. Diese Aminos\u00e4ure ist f\u00fcr den Organismus unentbehrlich. Ihr werden Eigenschaften wie Besserung der Lernf\u00e4higkeit, Erinnerungsverm\u00f6gen, Aufmerksamkeit und Beseitigung von Mattheit und Abgeschlagenheit zugeschrieben. Sie verl\u00e4ngert und erh\u00f6ht die Aktivit\u00e4t der Gl\u00fcckshormone (Endorphine), was wesentlich zur Stimmung des Menschen beitr\u00e4g.<\/p>\n","protected":false},"excerpt":{"rendered":"<p>L-Phenylalanin 500 mg GPH Kapseln enthalten 500 mg L-Phenylalanin in einer Hartgelatinekapsel. Diese Aminos\u00e4ure spielt als Vorstufe vieler wichtiger Botenstoffe eine gro\u00dfe und vielseitige Rolle im Gehirn. Weiters ist sie Ausgangsmaterial f\u00fcr L-Tyrosin und f\u00fcr die Bildung weiterer wichtiger Stoffe im K\u00f6rper verantwortlich. Diese Aminos\u00e4ure ist f\u00fcr den Organismus unentbehrlich. Ihr werden Eigenschaften wie Besserung [&hellip;]<\/p>\n","protected":false},"featured_media":125647,"template":"","meta":{"_acf_changed":false},"product_brand":[],"product_cat":[810],"product_tag":[],"class_list":{"0":"post-125645","1":"product","2":"type-product","3":"status-publish","4":"has-post-thumbnail","6":"product_cat-g","7":"pa_packungsgroesse-90-stueck","9":"first","10":"instock","11":"shipping-taxable","12":"purchasable","13":"product-type-simple"},"acf":[],"_links":{"self":[{"href":"https:\/\/www.ernstbrunn-apotheke.at\/katalog\/wp-json\/wp\/v2\/product\/125645","targetHints":{"allow":["GET"]}}],"collection":[{"href":"https:\/\/www.ernstbrunn-apotheke.at\/katalog\/wp-json\/wp\/v2\/product"}],"about":[{"href":"https:\/\/www.ernstbrunn-apotheke.at\/katalog\/wp-json\/wp\/v2\/types\/product"}],"wp:featuredmedia":[{"embeddable":true,"href":"https:\/\/www.ernstbrunn-apotheke.at\/katalog\/wp-json\/wp\/v2\/media\/125647"}],"wp:attachment":[{"href":"https:\/\/www.ernstbrunn-apotheke.at\/katalog\/wp-json\/wp\/v2\/media?parent=125645"}],"wp:term":[{"taxonomy":"product_brand","embeddable":true,"href":"https:\/\/www.ernstbrunn-apotheke.at\/katalog\/wp-json\/wp\/v2\/product_brand?post=125645"},{"taxonomy":"product_cat","embeddable":true,"href":"https:\/\/www.ernstbrunn-apotheke.at\/katalog\/wp-json\/wp\/v2\/product_cat?post=125645"},{"taxonomy":"product_tag","embeddable":true,"href":"https:\/\/www.ernstbrunn-apotheke.at\/katalog\/wp-json\/wp\/v2\/product_tag?post=125645"}],"curies":[{"name":"wp","href":"https:\/\/api.w.org\/{rel}","templated":true}]}}