{"id":125629,"date":"2025-11-13T14:25:27","date_gmt":"2025-11-13T13:25:27","guid":{"rendered":"https:\/\/www.ernstbrunn-apotheke.at\/katalog\/produkt\/logona-baby-shampoo-ringelblume-200-ml\/"},"modified":"2025-12-09T09:58:01","modified_gmt":"2025-12-09T08:58:01","slug":"logona-baby-shampoo-ringelblume-200-ml","status":"publish","type":"product","link":"https:\/\/www.ernstbrunn-apotheke.at\/katalog\/produkt\/logona-baby-shampoo-ringelblume-200-ml\/","title":{"rendered":"Logona Baby Shampoo Ringelblume 200 ml"},"content":{"rendered":"<p>Logona Baby Shampoo Ringelblume beruht auf sorgf\u00e4ltig ausgew\u00e4hlten Rohstoffen nat\u00fcrlicher Herkunft. Es pflegt und sch\u00fctzt empfindliche Babyhaut mit hochwertigen Pflanzen\u00f6len wie Mandel-, Jojoba- und Oliven\u00f6l und mit kostbaren Extrakten, etwa aus Ringelblume oder Kamille. F\u00fcr eine sanfte und liebevolle Reinigung von Haut, Haaren und der Windelregion, bietet hautmilden Schutz und Pflege f\u00fcr den K\u00f6rper.<\/p>\n","protected":false},"excerpt":{"rendered":"<p>Logona Baby Shampoo Ringelblume beruht auf sorgf\u00e4ltig ausgew\u00e4hlten Rohstoffen nat\u00fcrlicher Herkunft. Es pflegt und sch\u00fctzt empfindliche Babyhaut mit hochwertigen Pflanzen\u00f6len wie Mandel-, Jojoba- und Oliven\u00f6l und mit kostbaren Extrakten, etwa aus Ringelblume oder Kamille. F\u00fcr eine sanfte und liebevolle Reinigung von Haut, Haaren und der Windelregion, bietet hautmilden Schutz und Pflege f\u00fcr den K\u00f6rper.<\/p>\n","protected":false},"featured_media":125631,"template":"","meta":{"_acf_changed":false},"product_brand":[],"product_cat":[795],"product_tag":[],"class_list":{"0":"post-125629","1":"product","2":"type-product","3":"status-publish","4":"has-post-thumbnail","6":"product_cat-l","7":"pa_packungsgroesse-200ml","9":"first","10":"instock","11":"shipping-taxable","12":"purchasable","13":"product-type-simple"},"acf":[],"_links":{"self":[{"href":"https:\/\/www.ernstbrunn-apotheke.at\/katalog\/wp-json\/wp\/v2\/product\/125629","targetHints":{"allow":["GET"]}}],"collection":[{"href":"https:\/\/www.ernstbrunn-apotheke.at\/katalog\/wp-json\/wp\/v2\/product"}],"about":[{"href":"https:\/\/www.ernstbrunn-apotheke.at\/katalog\/wp-json\/wp\/v2\/types\/product"}],"wp:featuredmedia":[{"embeddable":true,"href":"https:\/\/www.ernstbrunn-apotheke.at\/katalog\/wp-json\/wp\/v2\/media\/125631"}],"wp:attachment":[{"href":"https:\/\/www.ernstbrunn-apotheke.at\/katalog\/wp-json\/wp\/v2\/media?parent=125629"}],"wp:term":[{"taxonomy":"product_brand","embeddable":true,"href":"https:\/\/www.ernstbrunn-apotheke.at\/katalog\/wp-json\/wp\/v2\/product_brand?post=125629"},{"taxonomy":"product_cat","embeddable":true,"href":"https:\/\/www.ernstbrunn-apotheke.at\/katalog\/wp-json\/wp\/v2\/product_cat?post=125629"},{"taxonomy":"product_tag","embeddable":true,"href":"https:\/\/www.ernstbrunn-apotheke.at\/katalog\/wp-json\/wp\/v2\/product_tag?post=125629"}],"curies":[{"name":"wp","href":"https:\/\/api.w.org\/{rel}","templated":true}]}}