{"id":125621,"date":"2025-11-13T14:25:10","date_gmt":"2025-11-13T13:25:10","guid":{"rendered":"https:\/\/www.ernstbrunn-apotheke.at\/katalog\/produkt\/gall-pharma-l-leucin-l-isoleucin-l-valin-121-kapseln-180-stk\/"},"modified":"2025-12-09T09:57:59","modified_gmt":"2025-12-09T08:57:59","slug":"gall-pharma-l-leucin-l-isoleucin-l-valin-121-kapseln-180-stk","status":"publish","type":"product","link":"https:\/\/www.ernstbrunn-apotheke.at\/katalog\/produkt\/gall-pharma-l-leucin-l-isoleucin-l-valin-121-kapseln-180-stk\/","title":{"rendered":"Gall Pharma L-Leucin\/L-Isoleucin\/L-Valin 1:2:1 Kapseln 180 Stk."},"content":{"rendered":"<p>L-Leucin\/L-Isoleucin\/L-Valin Kapseln enthalten 125 mg L-Leucin, 250 mg L-Isoleucin und 125 mg L-Valin in einer Hartgelatinekapsel. Die drei verzweigtkettigen Aminos\u00e4uren sind f\u00fcr den Muskelaufbau extrem wichtig. Sie dienen als Energielieferanten in der Muskelzelle. \u00dcblicherweise werden sie im Verh\u00e4ltnis 1 Teil L-Leucin : 2 Teile L-Isoleucin : 1 Teil L-Valin eingenommen<\/p>\n","protected":false},"excerpt":{"rendered":"<p>L-Leucin\/L-Isoleucin\/L-Valin Kapseln enthalten 125 mg L-Leucin, 250 mg L-Isoleucin und 125 mg L-Valin in einer Hartgelatinekapsel. Die drei verzweigtkettigen Aminos\u00e4uren sind f\u00fcr den Muskelaufbau extrem wichtig. Sie dienen als Energielieferanten in der Muskelzelle. \u00dcblicherweise werden sie im Verh\u00e4ltnis 1 Teil L-Leucin : 2 Teile L-Isoleucin : 1 Teil L-Valin eingenommen<\/p>\n","protected":false},"featured_media":125623,"template":"","meta":{"_acf_changed":false},"product_brand":[],"product_cat":[810],"product_tag":[],"class_list":{"0":"post-125621","1":"product","2":"type-product","3":"status-publish","4":"has-post-thumbnail","6":"product_cat-g","7":"pa_packungsgroesse-180-stueck","9":"first","10":"instock","11":"shipping-taxable","12":"purchasable","13":"product-type-simple"},"acf":[],"_links":{"self":[{"href":"https:\/\/www.ernstbrunn-apotheke.at\/katalog\/wp-json\/wp\/v2\/product\/125621","targetHints":{"allow":["GET"]}}],"collection":[{"href":"https:\/\/www.ernstbrunn-apotheke.at\/katalog\/wp-json\/wp\/v2\/product"}],"about":[{"href":"https:\/\/www.ernstbrunn-apotheke.at\/katalog\/wp-json\/wp\/v2\/types\/product"}],"wp:featuredmedia":[{"embeddable":true,"href":"https:\/\/www.ernstbrunn-apotheke.at\/katalog\/wp-json\/wp\/v2\/media\/125623"}],"wp:attachment":[{"href":"https:\/\/www.ernstbrunn-apotheke.at\/katalog\/wp-json\/wp\/v2\/media?parent=125621"}],"wp:term":[{"taxonomy":"product_brand","embeddable":true,"href":"https:\/\/www.ernstbrunn-apotheke.at\/katalog\/wp-json\/wp\/v2\/product_brand?post=125621"},{"taxonomy":"product_cat","embeddable":true,"href":"https:\/\/www.ernstbrunn-apotheke.at\/katalog\/wp-json\/wp\/v2\/product_cat?post=125621"},{"taxonomy":"product_tag","embeddable":true,"href":"https:\/\/www.ernstbrunn-apotheke.at\/katalog\/wp-json\/wp\/v2\/product_tag?post=125621"}],"curies":[{"name":"wp","href":"https:\/\/api.w.org\/{rel}","templated":true}]}}