{"id":125618,"date":"2025-11-13T14:25:10","date_gmt":"2025-11-13T13:25:10","guid":{"rendered":"https:\/\/www.ernstbrunn-apotheke.at\/katalog\/produkt\/gall-pharma-l-leucin-500-mg-kapseln\/"},"modified":"2025-12-09T09:57:59","modified_gmt":"2025-12-09T08:57:59","slug":"gall-pharma-l-leucin-500-mg-kapseln","status":"publish","type":"product","link":"https:\/\/www.ernstbrunn-apotheke.at\/katalog\/produkt\/gall-pharma-l-leucin-500-mg-kapseln\/","title":{"rendered":"Gall Pharma L-Leucin 500 mg Kapseln"},"content":{"rendered":"<p>Gall Pharma L-Leucin 500 mg Kapseln enthalten 500 mg L-Leucin in einer Hartgelatinekapsel. L-Leucin ist wesentlich f\u00fcr die muskul\u00e4re Ausdauer und die k\u00f6rperliche Ausdauer-leistungsf\u00e4higkeit. Sie ist ein wichtiger Bestandteil des Muskeleiwei\u00df. Das L-Leucin Stoffwechselprodukt HMB beschleunigt den Muskelaufbau.<\/p>\n","protected":false},"excerpt":{"rendered":"<p>Gall Pharma L-Leucin 500 mg Kapseln enthalten 500 mg L-Leucin in einer Hartgelatinekapsel. L-Leucin ist wesentlich f\u00fcr die muskul\u00e4re Ausdauer und die k\u00f6rperliche Ausdauer-leistungsf\u00e4higkeit. Sie ist ein wichtiger Bestandteil des Muskeleiwei\u00df. Das L-Leucin Stoffwechselprodukt HMB beschleunigt den Muskelaufbau.<\/p>\n","protected":false},"featured_media":125620,"template":"","meta":{"_acf_changed":false},"product_brand":[],"product_cat":[810],"product_tag":[],"class_list":{"0":"post-125618","1":"product","2":"type-product","3":"status-publish","4":"has-post-thumbnail","6":"product_cat-g","7":"pa_packungsgroesse-60-stueck","9":"first","10":"instock","11":"shipping-taxable","12":"purchasable","13":"product-type-simple"},"acf":[],"_links":{"self":[{"href":"https:\/\/www.ernstbrunn-apotheke.at\/katalog\/wp-json\/wp\/v2\/product\/125618","targetHints":{"allow":["GET"]}}],"collection":[{"href":"https:\/\/www.ernstbrunn-apotheke.at\/katalog\/wp-json\/wp\/v2\/product"}],"about":[{"href":"https:\/\/www.ernstbrunn-apotheke.at\/katalog\/wp-json\/wp\/v2\/types\/product"}],"wp:featuredmedia":[{"embeddable":true,"href":"https:\/\/www.ernstbrunn-apotheke.at\/katalog\/wp-json\/wp\/v2\/media\/125620"}],"wp:attachment":[{"href":"https:\/\/www.ernstbrunn-apotheke.at\/katalog\/wp-json\/wp\/v2\/media?parent=125618"}],"wp:term":[{"taxonomy":"product_brand","embeddable":true,"href":"https:\/\/www.ernstbrunn-apotheke.at\/katalog\/wp-json\/wp\/v2\/product_brand?post=125618"},{"taxonomy":"product_cat","embeddable":true,"href":"https:\/\/www.ernstbrunn-apotheke.at\/katalog\/wp-json\/wp\/v2\/product_cat?post=125618"},{"taxonomy":"product_tag","embeddable":true,"href":"https:\/\/www.ernstbrunn-apotheke.at\/katalog\/wp-json\/wp\/v2\/product_tag?post=125618"}],"curies":[{"name":"wp","href":"https:\/\/api.w.org\/{rel}","templated":true}]}}