{"id":125600,"date":"2025-11-13T14:24:38","date_gmt":"2025-11-13T13:24:38","guid":{"rendered":"https:\/\/www.ernstbrunn-apotheke.at\/katalog\/produkt\/linusit-darmaktiv-classic-10-g\/"},"modified":"2025-12-09T09:57:56","modified_gmt":"2025-12-09T08:57:56","slug":"linusit-darmaktiv-classic-10-g","status":"publish","type":"product","link":"https:\/\/www.ernstbrunn-apotheke.at\/katalog\/produkt\/linusit-darmaktiv-classic-10-g\/","title":{"rendered":"Linusit Darmaktiv Classic 10 g"},"content":{"rendered":"<p>Linusit Darmaktiv Classic 10 g sind spezielle Arzneimittelleinsamen, die die h\u00f6chste Quellf\u00e4higkeit aufweisen. Sie reaktivieren die nat\u00fcrliche Darmbewegung effektiv und auf rein physikalischem Weg. Eine Leinsamen-Gelzubereitung beruhigt und sch\u00fctzt speziell auch bei Reizdarm.<\/p>\n","protected":false},"excerpt":{"rendered":"<p>Linusit Darmaktiv Classic 10 g sind spezielle Arzneimittelleinsamen, die die h\u00f6chste Quellf\u00e4higkeit aufweisen. Sie reaktivieren die nat\u00fcrliche Darmbewegung effektiv und auf rein physikalischem Weg. Eine Leinsamen-Gelzubereitung beruhigt und sch\u00fctzt speziell auch bei Reizdarm.<\/p>\n","protected":false},"featured_media":125602,"template":"","meta":{"_acf_changed":false},"product_brand":[],"product_cat":[795],"product_tag":[],"class_list":{"0":"post-125600","1":"product","2":"type-product","3":"status-publish","4":"has-post-thumbnail","6":"product_cat-l","7":"pa_packungsgroesse-20-beutel","9":"first","10":"instock","11":"shipping-taxable","12":"purchasable","13":"product-type-simple"},"acf":[],"_links":{"self":[{"href":"https:\/\/www.ernstbrunn-apotheke.at\/katalog\/wp-json\/wp\/v2\/product\/125600","targetHints":{"allow":["GET"]}}],"collection":[{"href":"https:\/\/www.ernstbrunn-apotheke.at\/katalog\/wp-json\/wp\/v2\/product"}],"about":[{"href":"https:\/\/www.ernstbrunn-apotheke.at\/katalog\/wp-json\/wp\/v2\/types\/product"}],"wp:featuredmedia":[{"embeddable":true,"href":"https:\/\/www.ernstbrunn-apotheke.at\/katalog\/wp-json\/wp\/v2\/media\/125602"}],"wp:attachment":[{"href":"https:\/\/www.ernstbrunn-apotheke.at\/katalog\/wp-json\/wp\/v2\/media?parent=125600"}],"wp:term":[{"taxonomy":"product_brand","embeddable":true,"href":"https:\/\/www.ernstbrunn-apotheke.at\/katalog\/wp-json\/wp\/v2\/product_brand?post=125600"},{"taxonomy":"product_cat","embeddable":true,"href":"https:\/\/www.ernstbrunn-apotheke.at\/katalog\/wp-json\/wp\/v2\/product_cat?post=125600"},{"taxonomy":"product_tag","embeddable":true,"href":"https:\/\/www.ernstbrunn-apotheke.at\/katalog\/wp-json\/wp\/v2\/product_tag?post=125600"}],"curies":[{"name":"wp","href":"https:\/\/api.w.org\/{rel}","templated":true}]}}