{"id":125580,"date":"2025-11-13T14:24:22","date_gmt":"2025-11-13T13:24:22","guid":{"rendered":"https:\/\/www.ernstbrunn-apotheke.at\/katalog\/produkt\/life-light-l-glutamin-plus-pulver-150-g\/"},"modified":"2025-12-09T09:57:54","modified_gmt":"2025-12-09T08:57:54","slug":"life-light-l-glutamin-plus-pulver-150-g","status":"publish","type":"product","link":"https:\/\/www.ernstbrunn-apotheke.at\/katalog\/produkt\/life-light-l-glutamin-plus-pulver-150-g\/","title":{"rendered":"Life Light L-Glutamin Plus Pulver 150 g"},"content":{"rendered":"<p>Das Life Light L-Glutamin Plus Pulver besteht aus der reinen proteinogenen Aminos\u00e4ure L-Glutamin, die wichtig f\u00fcr den Aminos\u00e4urepool im Blutplasma ist, in Kombination mit Vitamin D, das zu einem normalen Calciumspiegel im Blut und zur Erhaltung normaler Z\u00e4hne, Knochen und Muskelfunktionen beitr\u00e4gt und eine wichtige Funktion bei der Zellteilung hat. Das Pulver ist frei von k\u00fcnstlichen Farb- und Konservierungsstoffen, Gluten und Laktose, wird ohne Gentechnik hergestellt und ist auch f\u00fcr Vegetarier und Veganer geeignet. Nahrungserg\u00e4nzungsmittel dienen nicht als Ersatz f\u00fcr eine abwechslungsreiche und ausgewogene Ern\u00e4hrung. Sie sind f\u00fcr Kinder unerreichbar aufzubewahren und die empfohlene Tagesdosis darf nicht \u00fcberschritten werden.<\/p>\n","protected":false},"excerpt":{"rendered":"<p>Das Life Light L-Glutamin Plus Pulver besteht aus der reinen proteinogenen Aminos\u00e4ure L-Glutamin, die wichtig f\u00fcr den Aminos\u00e4urepool im Blutplasma ist, in Kombination mit Vitamin D, das zu einem normalen Calciumspiegel im Blut und zur Erhaltung normaler Z\u00e4hne, Knochen und Muskelfunktionen beitr\u00e4gt und eine wichtige Funktion bei der Zellteilung hat. Das Pulver ist frei von [&hellip;]<\/p>\n","protected":false},"featured_media":125582,"template":"","meta":{"_acf_changed":false},"product_brand":[],"product_cat":[795],"product_tag":[],"class_list":{"0":"post-125580","1":"product","2":"type-product","3":"status-publish","4":"has-post-thumbnail","6":"product_cat-l","7":"pa_packungsgroesse-150g","9":"first","10":"instock","11":"shipping-taxable","12":"purchasable","13":"product-type-simple"},"acf":[],"_links":{"self":[{"href":"https:\/\/www.ernstbrunn-apotheke.at\/katalog\/wp-json\/wp\/v2\/product\/125580","targetHints":{"allow":["GET"]}}],"collection":[{"href":"https:\/\/www.ernstbrunn-apotheke.at\/katalog\/wp-json\/wp\/v2\/product"}],"about":[{"href":"https:\/\/www.ernstbrunn-apotheke.at\/katalog\/wp-json\/wp\/v2\/types\/product"}],"wp:featuredmedia":[{"embeddable":true,"href":"https:\/\/www.ernstbrunn-apotheke.at\/katalog\/wp-json\/wp\/v2\/media\/125582"}],"wp:attachment":[{"href":"https:\/\/www.ernstbrunn-apotheke.at\/katalog\/wp-json\/wp\/v2\/media?parent=125580"}],"wp:term":[{"taxonomy":"product_brand","embeddable":true,"href":"https:\/\/www.ernstbrunn-apotheke.at\/katalog\/wp-json\/wp\/v2\/product_brand?post=125580"},{"taxonomy":"product_cat","embeddable":true,"href":"https:\/\/www.ernstbrunn-apotheke.at\/katalog\/wp-json\/wp\/v2\/product_cat?post=125580"},{"taxonomy":"product_tag","embeddable":true,"href":"https:\/\/www.ernstbrunn-apotheke.at\/katalog\/wp-json\/wp\/v2\/product_tag?post=125580"}],"curies":[{"name":"wp","href":"https:\/\/api.w.org\/{rel}","templated":true}]}}