{"id":125529,"date":"2025-11-13T14:22:43","date_gmt":"2025-11-13T13:22:43","guid":{"rendered":"https:\/\/www.ernstbrunn-apotheke.at\/katalog\/produkt\/lensilux-clean-hart-k-lins-60-ml\/"},"modified":"2025-12-09T09:57:49","modified_gmt":"2025-12-09T08:57:49","slug":"lensilux-clean-hart-k-lins-60-ml","status":"publish","type":"product","link":"https:\/\/www.ernstbrunn-apotheke.at\/katalog\/produkt\/lensilux-clean-hart-k-lins-60-ml\/","title":{"rendered":"Lensilux Clean Hart K-Lins 60 ml"},"content":{"rendered":"<p>Lensilux Clean Hart K-Lins ist eine Reinigungsl\u00f6sung f\u00fcr formstabile Kontaktlinsen. Zur Schonung der Kontaktlinsenoberfl\u00e4che wird auf abrasive Zus\u00e4tze verzichtet. H\u00f6chst effektive Tenside reingen formstabile Kontaktlinsen gr\u00fcndlich und schonend. Zusammen mit der oberfl\u00e4chenaktiven, sch\u00fctzenden Wirkung des Lensilux Conditioners ergibt sich so eine synergistische Gesamtreinigungsleistung, die Ablagerungen wirkungsvoll verhindert.<\/p>\n","protected":false},"excerpt":{"rendered":"<p>Lensilux Clean Hart K-Lins ist eine Reinigungsl\u00f6sung f\u00fcr formstabile Kontaktlinsen. Zur Schonung der Kontaktlinsenoberfl\u00e4che wird auf abrasive Zus\u00e4tze verzichtet. H\u00f6chst effektive Tenside reingen formstabile Kontaktlinsen gr\u00fcndlich und schonend. Zusammen mit der oberfl\u00e4chenaktiven, sch\u00fctzenden Wirkung des Lensilux Conditioners ergibt sich so eine synergistische Gesamtreinigungsleistung, die Ablagerungen wirkungsvoll verhindert.<\/p>\n","protected":false},"featured_media":125531,"template":"","meta":{"_acf_changed":false},"product_brand":[],"product_cat":[795],"product_tag":[],"class_list":{"0":"post-125529","1":"product","2":"type-product","3":"status-publish","4":"has-post-thumbnail","6":"product_cat-l","7":"pa_packungsgroesse-60ml","9":"first","10":"instock","11":"shipping-taxable","12":"purchasable","13":"product-type-simple"},"acf":[],"_links":{"self":[{"href":"https:\/\/www.ernstbrunn-apotheke.at\/katalog\/wp-json\/wp\/v2\/product\/125529","targetHints":{"allow":["GET"]}}],"collection":[{"href":"https:\/\/www.ernstbrunn-apotheke.at\/katalog\/wp-json\/wp\/v2\/product"}],"about":[{"href":"https:\/\/www.ernstbrunn-apotheke.at\/katalog\/wp-json\/wp\/v2\/types\/product"}],"wp:featuredmedia":[{"embeddable":true,"href":"https:\/\/www.ernstbrunn-apotheke.at\/katalog\/wp-json\/wp\/v2\/media\/125531"}],"wp:attachment":[{"href":"https:\/\/www.ernstbrunn-apotheke.at\/katalog\/wp-json\/wp\/v2\/media?parent=125529"}],"wp:term":[{"taxonomy":"product_brand","embeddable":true,"href":"https:\/\/www.ernstbrunn-apotheke.at\/katalog\/wp-json\/wp\/v2\/product_brand?post=125529"},{"taxonomy":"product_cat","embeddable":true,"href":"https:\/\/www.ernstbrunn-apotheke.at\/katalog\/wp-json\/wp\/v2\/product_cat?post=125529"},{"taxonomy":"product_tag","embeddable":true,"href":"https:\/\/www.ernstbrunn-apotheke.at\/katalog\/wp-json\/wp\/v2\/product_tag?post=125529"}],"curies":[{"name":"wp","href":"https:\/\/api.w.org\/{rel}","templated":true}]}}