{"id":125484,"date":"2025-11-13T14:21:25","date_gmt":"2025-11-13T13:21:25","guid":{"rendered":"https:\/\/www.ernstbrunn-apotheke.at\/katalog\/produkt\/lenscare-aufbewahrung-fuer-harte-linsen-200-ml\/"},"modified":"2025-12-09T09:57:45","modified_gmt":"2025-12-09T08:57:45","slug":"lenscare-aufbewahrung-fuer-harte-linsen-200-ml","status":"publish","type":"product","link":"https:\/\/www.ernstbrunn-apotheke.at\/katalog\/produkt\/lenscare-aufbewahrung-fuer-harte-linsen-200-ml\/","title":{"rendered":"Lenscare Aufbewahrung f\u00fcr harte Linsen 200 ml"},"content":{"rendered":"<p>Lenscare Aufbewahrung f\u00fcr harte Linsen ist eine L\u00f6sung f\u00fcr alle flexibel-harten, sauerstoffdurchl\u00e4ssigen Kontaktlinsen. Die isotonische, gepufferte L\u00f6sung desinfiziert Ihre Linsen, erleichtert das Einsetzen und verbessert den Tragekomfort.<\/p>\n","protected":false},"excerpt":{"rendered":"<p>Lenscare Aufbewahrung f\u00fcr harte Linsen ist eine L\u00f6sung f\u00fcr alle flexibel-harten, sauerstoffdurchl\u00e4ssigen Kontaktlinsen. Die isotonische, gepufferte L\u00f6sung desinfiziert Ihre Linsen, erleichtert das Einsetzen und verbessert den Tragekomfort.<\/p>\n","protected":false},"featured_media":125486,"template":"","meta":{"_acf_changed":false},"product_brand":[],"product_cat":[795],"product_tag":[],"class_list":{"0":"post-125484","1":"product","2":"type-product","3":"status-publish","4":"has-post-thumbnail","6":"product_cat-l","7":"pa_packungsgroesse-250ml","9":"first","10":"instock","11":"shipping-taxable","12":"purchasable","13":"product-type-simple"},"acf":[],"_links":{"self":[{"href":"https:\/\/www.ernstbrunn-apotheke.at\/katalog\/wp-json\/wp\/v2\/product\/125484","targetHints":{"allow":["GET"]}}],"collection":[{"href":"https:\/\/www.ernstbrunn-apotheke.at\/katalog\/wp-json\/wp\/v2\/product"}],"about":[{"href":"https:\/\/www.ernstbrunn-apotheke.at\/katalog\/wp-json\/wp\/v2\/types\/product"}],"wp:featuredmedia":[{"embeddable":true,"href":"https:\/\/www.ernstbrunn-apotheke.at\/katalog\/wp-json\/wp\/v2\/media\/125486"}],"wp:attachment":[{"href":"https:\/\/www.ernstbrunn-apotheke.at\/katalog\/wp-json\/wp\/v2\/media?parent=125484"}],"wp:term":[{"taxonomy":"product_brand","embeddable":true,"href":"https:\/\/www.ernstbrunn-apotheke.at\/katalog\/wp-json\/wp\/v2\/product_brand?post=125484"},{"taxonomy":"product_cat","embeddable":true,"href":"https:\/\/www.ernstbrunn-apotheke.at\/katalog\/wp-json\/wp\/v2\/product_cat?post=125484"},{"taxonomy":"product_tag","embeddable":true,"href":"https:\/\/www.ernstbrunn-apotheke.at\/katalog\/wp-json\/wp\/v2\/product_tag?post=125484"}],"curies":[{"name":"wp","href":"https:\/\/api.w.org\/{rel}","templated":true}]}}