{"id":125428,"date":"2025-11-13T14:20:01","date_gmt":"2025-11-13T13:20:01","guid":{"rendered":"https:\/\/www.ernstbrunn-apotheke.at\/katalog\/produkt\/gall-pharma-l-arginin-400-mg-kapseln-180-stk\/"},"modified":"2025-12-09T09:57:36","modified_gmt":"2025-12-09T08:57:36","slug":"gall-pharma-l-arginin-400-mg-kapseln-180-stk","status":"publish","type":"product","link":"https:\/\/www.ernstbrunn-apotheke.at\/katalog\/produkt\/gall-pharma-l-arginin-400-mg-kapseln-180-stk\/","title":{"rendered":"Gall Pharma L-Arginin 400 mg Kapseln 180 Stk."},"content":{"rendered":"<p>Gall Pharma L-Arginin 400 mg Kapseln enthalten 400 mg L-Arginin in einer Hartgelatinekapsel. L-Arginin ist f\u00fcr den Stoffwechsel der Muskeln wichtig und besitzt in diesem Zusammenhang eine Schl\u00fcsselfunktion beim Ablagern, sowie beim Transport und Ausscheiden von Stickstoff. Dieses Produkt ist in den Packungsgr\u00f6\u00dfen 60, 120 und 180 St\u00fcck erh\u00e4ltlich.<\/p>\n","protected":false},"excerpt":{"rendered":"<p>Gall Pharma L-Arginin 400 mg Kapseln enthalten 400 mg L-Arginin in einer Hartgelatinekapsel. L-Arginin ist f\u00fcr den Stoffwechsel der Muskeln wichtig und besitzt in diesem Zusammenhang eine Schl\u00fcsselfunktion beim Ablagern, sowie beim Transport und Ausscheiden von Stickstoff. Dieses Produkt ist in den Packungsgr\u00f6\u00dfen 60, 120 und 180 St\u00fcck erh\u00e4ltlich.<\/p>\n","protected":false},"featured_media":125430,"template":"","meta":{"_acf_changed":false},"product_brand":[371],"product_cat":[810],"product_tag":[],"class_list":{"0":"post-125428","1":"product","2":"type-product","3":"status-publish","4":"has-post-thumbnail","6":"product_brand-gall-pharma","7":"product_cat-g","8":"pa_packungsgroesse-180-stueck","10":"first","11":"instock","12":"shipping-taxable","13":"purchasable","14":"product-type-simple"},"acf":[],"_links":{"self":[{"href":"https:\/\/www.ernstbrunn-apotheke.at\/katalog\/wp-json\/wp\/v2\/product\/125428","targetHints":{"allow":["GET"]}}],"collection":[{"href":"https:\/\/www.ernstbrunn-apotheke.at\/katalog\/wp-json\/wp\/v2\/product"}],"about":[{"href":"https:\/\/www.ernstbrunn-apotheke.at\/katalog\/wp-json\/wp\/v2\/types\/product"}],"wp:featuredmedia":[{"embeddable":true,"href":"https:\/\/www.ernstbrunn-apotheke.at\/katalog\/wp-json\/wp\/v2\/media\/125430"}],"wp:attachment":[{"href":"https:\/\/www.ernstbrunn-apotheke.at\/katalog\/wp-json\/wp\/v2\/media?parent=125428"}],"wp:term":[{"taxonomy":"product_brand","embeddable":true,"href":"https:\/\/www.ernstbrunn-apotheke.at\/katalog\/wp-json\/wp\/v2\/product_brand?post=125428"},{"taxonomy":"product_cat","embeddable":true,"href":"https:\/\/www.ernstbrunn-apotheke.at\/katalog\/wp-json\/wp\/v2\/product_cat?post=125428"},{"taxonomy":"product_tag","embeddable":true,"href":"https:\/\/www.ernstbrunn-apotheke.at\/katalog\/wp-json\/wp\/v2\/product_tag?post=125428"}],"curies":[{"name":"wp","href":"https:\/\/api.w.org\/{rel}","templated":true}]}}