{"id":125397,"date":"2025-11-13T14:19:27","date_gmt":"2025-11-13T13:19:27","guid":{"rendered":"https:\/\/www.ernstbrunn-apotheke.at\/katalog\/produkt\/labiocur-lippenbalsam-5-g\/"},"modified":"2025-12-09T09:57:32","modified_gmt":"2025-12-09T08:57:32","slug":"labiocur-lippenbalsam-5-g","status":"publish","type":"product","link":"https:\/\/www.ernstbrunn-apotheke.at\/katalog\/produkt\/labiocur-lippenbalsam-5-g\/","title":{"rendered":"Labiocur Lippenbalsam 5 g"},"content":{"rendered":"<p>Labiocur Lippenbalsam ist die ideale nat\u00fcrliche Lippenpflege bei Auftreten von Bl\u00e4schen und bei rauen, rissigen Lippen. Das reine Naturprodukt mit Sonnenhut, echter Zitronenmelisse, Jojoba\u00f6l und Vitamin E ist die optimale Lippenpflege zu jeder Jahreszeit! Der Lippenapplikator erm\u00f6glicht leichtes Auftragen &#8211; verw\u00f6hnen Sie Ihre Lippen und bestellen Sie das Lippenbalsam jetzt online!<\/p>\n","protected":false},"excerpt":{"rendered":"<p>Labiocur Lippenbalsam ist die ideale nat\u00fcrliche Lippenpflege bei Auftreten von Bl\u00e4schen und bei rauen, rissigen Lippen. Das reine Naturprodukt mit Sonnenhut, echter Zitronenmelisse, Jojoba\u00f6l und Vitamin E ist die optimale Lippenpflege zu jeder Jahreszeit! Der Lippenapplikator erm\u00f6glicht leichtes Auftragen &#8211; verw\u00f6hnen Sie Ihre Lippen und bestellen Sie das Lippenbalsam jetzt online!<\/p>\n","protected":false},"featured_media":125399,"template":"","meta":{"_acf_changed":false},"product_brand":[677],"product_cat":[795],"product_tag":[],"class_list":{"0":"post-125397","1":"product","2":"type-product","3":"status-publish","4":"has-post-thumbnail","6":"product_brand-la-roche-posay","7":"product_cat-l","8":"pa_packungsgroesse-5g","10":"first","11":"instock","12":"shipping-taxable","13":"purchasable","14":"product-type-simple"},"acf":[],"_links":{"self":[{"href":"https:\/\/www.ernstbrunn-apotheke.at\/katalog\/wp-json\/wp\/v2\/product\/125397","targetHints":{"allow":["GET"]}}],"collection":[{"href":"https:\/\/www.ernstbrunn-apotheke.at\/katalog\/wp-json\/wp\/v2\/product"}],"about":[{"href":"https:\/\/www.ernstbrunn-apotheke.at\/katalog\/wp-json\/wp\/v2\/types\/product"}],"wp:featuredmedia":[{"embeddable":true,"href":"https:\/\/www.ernstbrunn-apotheke.at\/katalog\/wp-json\/wp\/v2\/media\/125399"}],"wp:attachment":[{"href":"https:\/\/www.ernstbrunn-apotheke.at\/katalog\/wp-json\/wp\/v2\/media?parent=125397"}],"wp:term":[{"taxonomy":"product_brand","embeddable":true,"href":"https:\/\/www.ernstbrunn-apotheke.at\/katalog\/wp-json\/wp\/v2\/product_brand?post=125397"},{"taxonomy":"product_cat","embeddable":true,"href":"https:\/\/www.ernstbrunn-apotheke.at\/katalog\/wp-json\/wp\/v2\/product_cat?post=125397"},{"taxonomy":"product_tag","embeddable":true,"href":"https:\/\/www.ernstbrunn-apotheke.at\/katalog\/wp-json\/wp\/v2\/product_tag?post=125397"}],"curies":[{"name":"wp","href":"https:\/\/api.w.org\/{rel}","templated":true}]}}