{"id":125319,"date":"2025-11-13T14:17:04","date_gmt":"2025-11-13T13:17:04","guid":{"rendered":"https:\/\/www.ernstbrunn-apotheke.at\/katalog\/produkt\/la-roche-posay-lipikar-dusch-und-badeoel-ap-400-ml\/"},"modified":"2025-12-09T09:57:25","modified_gmt":"2025-12-09T08:57:25","slug":"la-roche-posay-lipikar-dusch-und-badeoel-ap-400-ml","status":"publish","type":"product","link":"https:\/\/www.ernstbrunn-apotheke.at\/katalog\/produkt\/la-roche-posay-lipikar-dusch-und-badeoel-ap-400-ml\/","title":{"rendered":"La Roche-Posay Lipikar Dusch- und Bade\u00f6l AP+ 400 ml"},"content":{"rendered":"<p>Lipikar Dusch-und Bade\u00f6l AP+ von La Roche-Posay ist ein r\u00fcckfettendes Dusch- und Bade\u00f6l, das die Haut beruhigt und den Juckreiz mildert. Das sch\u00e4umende Dusch- und Bade\u00f6l ist speziell f\u00fcr sehr trockene und zu Neurodermitis neigende Haut bei S\u00e4uglingen, Kindern und Erwachsenen geeignet. Der einzigartige, patentierte Wirkstoff Aqua Posae Filiformis im Lipikar Dusch-und Bade\u00f6l AP+ bringt das Mikrobiom ins Gleichgewicht und beugt so Irritationen vor. Seine ultra-sanfte Formel ist mit hautberuhigendem Niacinamid und r\u00fcckfettender Sheabutter angereichert.<\/p>\n","protected":false},"excerpt":{"rendered":"<p>Lipikar Dusch-und Bade\u00f6l AP+ von La Roche-Posay ist ein r\u00fcckfettendes Dusch- und Bade\u00f6l, das die Haut beruhigt und den Juckreiz mildert. Das sch\u00e4umende Dusch- und Bade\u00f6l ist speziell f\u00fcr sehr trockene und zu Neurodermitis neigende Haut bei S\u00e4uglingen, Kindern und Erwachsenen geeignet. Der einzigartige, patentierte Wirkstoff Aqua Posae Filiformis im Lipikar Dusch-und Bade\u00f6l AP+ bringt [&hellip;]<\/p>\n","protected":false},"featured_media":125321,"template":"","meta":{"_acf_changed":false},"product_brand":[677],"product_cat":[795],"product_tag":[],"class_list":{"0":"post-125319","1":"product","2":"type-product","3":"status-publish","4":"has-post-thumbnail","6":"product_brand-la-roche-posay","7":"product_cat-l","8":"pa_packungsgroesse-400ml","10":"first","11":"instock","12":"shipping-taxable","13":"purchasable","14":"product-type-simple"},"acf":[],"_links":{"self":[{"href":"https:\/\/www.ernstbrunn-apotheke.at\/katalog\/wp-json\/wp\/v2\/product\/125319","targetHints":{"allow":["GET"]}}],"collection":[{"href":"https:\/\/www.ernstbrunn-apotheke.at\/katalog\/wp-json\/wp\/v2\/product"}],"about":[{"href":"https:\/\/www.ernstbrunn-apotheke.at\/katalog\/wp-json\/wp\/v2\/types\/product"}],"wp:featuredmedia":[{"embeddable":true,"href":"https:\/\/www.ernstbrunn-apotheke.at\/katalog\/wp-json\/wp\/v2\/media\/125321"}],"wp:attachment":[{"href":"https:\/\/www.ernstbrunn-apotheke.at\/katalog\/wp-json\/wp\/v2\/media?parent=125319"}],"wp:term":[{"taxonomy":"product_brand","embeddable":true,"href":"https:\/\/www.ernstbrunn-apotheke.at\/katalog\/wp-json\/wp\/v2\/product_brand?post=125319"},{"taxonomy":"product_cat","embeddable":true,"href":"https:\/\/www.ernstbrunn-apotheke.at\/katalog\/wp-json\/wp\/v2\/product_cat?post=125319"},{"taxonomy":"product_tag","embeddable":true,"href":"https:\/\/www.ernstbrunn-apotheke.at\/katalog\/wp-json\/wp\/v2\/product_tag?post=125319"}],"curies":[{"name":"wp","href":"https:\/\/api.w.org\/{rel}","templated":true}]}}