{"id":125281,"date":"2025-11-13T14:15:53","date_gmt":"2025-11-13T13:15:53","guid":{"rendered":"https:\/\/www.ernstbrunn-apotheke.at\/katalog\/produkt\/la-roche-posay-effaclar-h-iso-biome-reinigungscreme-200-ml\/"},"modified":"2025-12-09T09:57:22","modified_gmt":"2025-12-09T08:57:22","slug":"la-roche-posay-effaclar-h-iso-biome-reinigungscreme-200-ml","status":"publish","type":"product","link":"https:\/\/www.ernstbrunn-apotheke.at\/katalog\/produkt\/la-roche-posay-effaclar-h-iso-biome-reinigungscreme-200-ml\/","title":{"rendered":"La Roche-Posay Effaclar H ISO-Biome Reinigungscreme 200 ml"},"content":{"rendered":"<p>La Roche-Posay Effaclar H ISO-Biome Reinigungscreme 200 ml ist eine beruhigende und feuchtigkeitsspendende Reinigung f\u00fcr Gesicht und K\u00f6rper bei trockener sowie zu Akne neigender Haut. Die ausgleichende Waschcreme wirkt Unreinheiten entgegen und unterst\u00fctzt zugleich geschw\u00e4chte Haut dabei, die Auswirkungen austrocknender Akne-Behandlungen zu mildern.<\/p>\n","protected":false},"excerpt":{"rendered":"<p>La Roche-Posay Effaclar H ISO-Biome Reinigungscreme 200 ml ist eine beruhigende und feuchtigkeitsspendende Reinigung f\u00fcr Gesicht und K\u00f6rper bei trockener sowie zu Akne neigender Haut. Die ausgleichende Waschcreme wirkt Unreinheiten entgegen und unterst\u00fctzt zugleich geschw\u00e4chte Haut dabei, die Auswirkungen austrocknender Akne-Behandlungen zu mildern.<\/p>\n","protected":false},"featured_media":125283,"template":"","meta":{"_acf_changed":false},"product_brand":[677],"product_cat":[795],"product_tag":[],"class_list":{"0":"post-125281","1":"product","2":"type-product","3":"status-publish","4":"has-post-thumbnail","6":"product_brand-la-roche-posay","7":"product_cat-l","8":"pa_packungsgroesse-200ml","10":"first","11":"instock","12":"shipping-taxable","13":"purchasable","14":"product-type-simple"},"acf":[],"_links":{"self":[{"href":"https:\/\/www.ernstbrunn-apotheke.at\/katalog\/wp-json\/wp\/v2\/product\/125281","targetHints":{"allow":["GET"]}}],"collection":[{"href":"https:\/\/www.ernstbrunn-apotheke.at\/katalog\/wp-json\/wp\/v2\/product"}],"about":[{"href":"https:\/\/www.ernstbrunn-apotheke.at\/katalog\/wp-json\/wp\/v2\/types\/product"}],"wp:featuredmedia":[{"embeddable":true,"href":"https:\/\/www.ernstbrunn-apotheke.at\/katalog\/wp-json\/wp\/v2\/media\/125283"}],"wp:attachment":[{"href":"https:\/\/www.ernstbrunn-apotheke.at\/katalog\/wp-json\/wp\/v2\/media?parent=125281"}],"wp:term":[{"taxonomy":"product_brand","embeddable":true,"href":"https:\/\/www.ernstbrunn-apotheke.at\/katalog\/wp-json\/wp\/v2\/product_brand?post=125281"},{"taxonomy":"product_cat","embeddable":true,"href":"https:\/\/www.ernstbrunn-apotheke.at\/katalog\/wp-json\/wp\/v2\/product_cat?post=125281"},{"taxonomy":"product_tag","embeddable":true,"href":"https:\/\/www.ernstbrunn-apotheke.at\/katalog\/wp-json\/wp\/v2\/product_tag?post=125281"}],"curies":[{"name":"wp","href":"https:\/\/api.w.org\/{rel}","templated":true}]}}