{"id":125274,"date":"2025-11-13T14:15:15","date_gmt":"2025-11-13T13:15:15","guid":{"rendered":"https:\/\/www.ernstbrunn-apotheke.at\/katalog\/produkt\/la-roche-posay-hyalu-b5-augenpflege-15-ml\/"},"modified":"2025-12-09T09:57:22","modified_gmt":"2025-12-09T08:57:22","slug":"la-roche-posay-hyalu-b5-augenpflege-15-ml","status":"publish","type":"product","link":"https:\/\/www.ernstbrunn-apotheke.at\/katalog\/produkt\/la-roche-posay-hyalu-b5-augenpflege-15-ml\/","title":{"rendered":"La Roche-Posay Hyalu B5 Augenpflege 15 ml"},"content":{"rendered":"<p>La Roche Posay Hyalu B5 Augenpflege 15 ml sorgt f\u00fcr eine sofort straffere, geschmeidigere Augenpartie und einen wachen Blick. Falten werden gemildert, die Haut wird aufgepolstert und regeneriert. Die sanfte Textur wirkt intensiv beruhigend. Der Wirkstoffkomplex mit hochkonzentrierter Hyalurons\u00e4ure, pflegendem Vitamin B5 und beruhigendes Neurosensine wirkt Anzeichen nat\u00fcrlicher Hautalterung entgegen und sch\u00fctzt die Hautbarriere vor \u00e4u\u00dferen Alterungsfaktoren<\/p>\n","protected":false},"excerpt":{"rendered":"<p>La Roche Posay Hyalu B5 Augenpflege 15 ml sorgt f\u00fcr eine sofort straffere, geschmeidigere Augenpartie und einen wachen Blick. Falten werden gemildert, die Haut wird aufgepolstert und regeneriert. Die sanfte Textur wirkt intensiv beruhigend. Der Wirkstoffkomplex mit hochkonzentrierter Hyalurons\u00e4ure, pflegendem Vitamin B5 und beruhigendes Neurosensine wirkt Anzeichen nat\u00fcrlicher Hautalterung entgegen und sch\u00fctzt die Hautbarriere vor [&hellip;]<\/p>\n","protected":false},"featured_media":125276,"template":"","meta":{"_acf_changed":false},"product_brand":[677],"product_cat":[795],"product_tag":[],"class_list":{"0":"post-125274","1":"product","2":"type-product","3":"status-publish","4":"has-post-thumbnail","6":"product_brand-la-roche-posay","7":"product_cat-l","8":"pa_packungsgroesse-15ml","10":"first","11":"instock","12":"shipping-taxable","13":"purchasable","14":"product-type-simple"},"acf":[],"_links":{"self":[{"href":"https:\/\/www.ernstbrunn-apotheke.at\/katalog\/wp-json\/wp\/v2\/product\/125274","targetHints":{"allow":["GET"]}}],"collection":[{"href":"https:\/\/www.ernstbrunn-apotheke.at\/katalog\/wp-json\/wp\/v2\/product"}],"about":[{"href":"https:\/\/www.ernstbrunn-apotheke.at\/katalog\/wp-json\/wp\/v2\/types\/product"}],"wp:featuredmedia":[{"embeddable":true,"href":"https:\/\/www.ernstbrunn-apotheke.at\/katalog\/wp-json\/wp\/v2\/media\/125276"}],"wp:attachment":[{"href":"https:\/\/www.ernstbrunn-apotheke.at\/katalog\/wp-json\/wp\/v2\/media?parent=125274"}],"wp:term":[{"taxonomy":"product_brand","embeddable":true,"href":"https:\/\/www.ernstbrunn-apotheke.at\/katalog\/wp-json\/wp\/v2\/product_brand?post=125274"},{"taxonomy":"product_cat","embeddable":true,"href":"https:\/\/www.ernstbrunn-apotheke.at\/katalog\/wp-json\/wp\/v2\/product_cat?post=125274"},{"taxonomy":"product_tag","embeddable":true,"href":"https:\/\/www.ernstbrunn-apotheke.at\/katalog\/wp-json\/wp\/v2\/product_tag?post=125274"}],"curies":[{"name":"wp","href":"https:\/\/api.w.org\/{rel}","templated":true}]}}