{"id":125169,"date":"2025-11-13T14:13:35","date_gmt":"2025-11-13T13:13:35","guid":{"rendered":"https:\/\/www.ernstbrunn-apotheke.at\/katalog\/produkt\/dr-kottas-bio-gunpowder-gruener-tee-250-g\/"},"modified":"2025-12-09T09:56:59","modified_gmt":"2025-12-09T08:56:59","slug":"dr-kottas-bio-gunpowder-gruener-tee-250-g","status":"publish","type":"product","link":"https:\/\/www.ernstbrunn-apotheke.at\/katalog\/produkt\/dr-kottas-bio-gunpowder-gruener-tee-250-g\/","title":{"rendered":"Dr. Kottas Bio-Gunpowder Gr\u00fcner Tee 250 g"},"content":{"rendered":"<p>Wir bringen die Natur in Ihre Tasse! F\u00fcr Mag. Kottas Bio-Gunpowder Gr\u00fcner Tee werden nur ausgesuchte und beste Qualit\u00e4ten verwendet. Sie werden den Unterschied schmecken! Feinster, gerollter Gr\u00fcntee aus China, der sich durch seinen angenehm typischen Geschmack mit leicht bitterer Note auszeichnet.<\/p>\n","protected":false},"excerpt":{"rendered":"<p>Wir bringen die Natur in Ihre Tasse! F\u00fcr Mag. Kottas Bio-Gunpowder Gr\u00fcner Tee werden nur ausgesuchte und beste Qualit\u00e4ten verwendet. Sie werden den Unterschied schmecken! Feinster, gerollter Gr\u00fcntee aus China, der sich durch seinen angenehm typischen Geschmack mit leicht bitterer Note auszeichnet.<\/p>\n","protected":false},"featured_media":125171,"template":"","meta":{"_acf_changed":false},"product_brand":[340],"product_cat":[792],"product_tag":[],"class_list":{"0":"post-125169","1":"product","2":"type-product","3":"status-publish","4":"has-post-thumbnail","6":"product_brand-dr-kottas","7":"product_cat-d","8":"pa_packungsgroesse-250g","10":"first","11":"instock","12":"shipping-taxable","13":"purchasable","14":"product-type-simple"},"acf":[],"_links":{"self":[{"href":"https:\/\/www.ernstbrunn-apotheke.at\/katalog\/wp-json\/wp\/v2\/product\/125169","targetHints":{"allow":["GET"]}}],"collection":[{"href":"https:\/\/www.ernstbrunn-apotheke.at\/katalog\/wp-json\/wp\/v2\/product"}],"about":[{"href":"https:\/\/www.ernstbrunn-apotheke.at\/katalog\/wp-json\/wp\/v2\/types\/product"}],"wp:featuredmedia":[{"embeddable":true,"href":"https:\/\/www.ernstbrunn-apotheke.at\/katalog\/wp-json\/wp\/v2\/media\/125171"}],"wp:attachment":[{"href":"https:\/\/www.ernstbrunn-apotheke.at\/katalog\/wp-json\/wp\/v2\/media?parent=125169"}],"wp:term":[{"taxonomy":"product_brand","embeddable":true,"href":"https:\/\/www.ernstbrunn-apotheke.at\/katalog\/wp-json\/wp\/v2\/product_brand?post=125169"},{"taxonomy":"product_cat","embeddable":true,"href":"https:\/\/www.ernstbrunn-apotheke.at\/katalog\/wp-json\/wp\/v2\/product_cat?post=125169"},{"taxonomy":"product_tag","embeddable":true,"href":"https:\/\/www.ernstbrunn-apotheke.at\/katalog\/wp-json\/wp\/v2\/product_tag?post=125169"}],"curies":[{"name":"wp","href":"https:\/\/api.w.org\/{rel}","templated":true}]}}