{"id":125077,"date":"2025-11-13T14:11:21","date_gmt":"2025-11-13T13:11:21","guid":{"rendered":"https:\/\/www.ernstbrunn-apotheke.at\/katalog\/produkt\/koellnflocken-250-g-haferkleie\/"},"modified":"2025-12-09T09:56:45","modified_gmt":"2025-12-09T08:56:45","slug":"koellnflocken-250-g-haferkleie","status":"publish","type":"product","link":"https:\/\/www.ernstbrunn-apotheke.at\/katalog\/produkt\/koellnflocken-250-g-haferkleie\/","title":{"rendered":"K\u00f6llnflocken 250 g Haferkleie"},"content":{"rendered":"<p>K\u00f6llnflocken sind besonders feine Hafer-Vollkornflocken, die aus geschnittenen Haferkernen, der Hafergr\u00fctze, gewalzt werden. K\u00f6llnflocken sind vielseitig in der K\u00fcche einsetzbar.<\/p>\n","protected":false},"excerpt":{"rendered":"<p>K\u00f6llnflocken sind besonders feine Hafer-Vollkornflocken, die aus geschnittenen Haferkernen, der Hafergr\u00fctze, gewalzt werden. K\u00f6llnflocken sind vielseitig in der K\u00fcche einsetzbar.<\/p>\n","protected":false},"featured_media":125079,"template":"","meta":{"_acf_changed":false},"product_brand":[],"product_cat":[807],"product_tag":[],"class_list":{"0":"post-125077","1":"product","2":"type-product","3":"status-publish","4":"has-post-thumbnail","6":"product_cat-k","7":"pa_packungsgroesse-250g","9":"first","10":"instock","11":"shipping-taxable","12":"purchasable","13":"product-type-simple"},"acf":[],"_links":{"self":[{"href":"https:\/\/www.ernstbrunn-apotheke.at\/katalog\/wp-json\/wp\/v2\/product\/125077","targetHints":{"allow":["GET"]}}],"collection":[{"href":"https:\/\/www.ernstbrunn-apotheke.at\/katalog\/wp-json\/wp\/v2\/product"}],"about":[{"href":"https:\/\/www.ernstbrunn-apotheke.at\/katalog\/wp-json\/wp\/v2\/types\/product"}],"wp:featuredmedia":[{"embeddable":true,"href":"https:\/\/www.ernstbrunn-apotheke.at\/katalog\/wp-json\/wp\/v2\/media\/125079"}],"wp:attachment":[{"href":"https:\/\/www.ernstbrunn-apotheke.at\/katalog\/wp-json\/wp\/v2\/media?parent=125077"}],"wp:term":[{"taxonomy":"product_brand","embeddable":true,"href":"https:\/\/www.ernstbrunn-apotheke.at\/katalog\/wp-json\/wp\/v2\/product_brand?post=125077"},{"taxonomy":"product_cat","embeddable":true,"href":"https:\/\/www.ernstbrunn-apotheke.at\/katalog\/wp-json\/wp\/v2\/product_cat?post=125077"},{"taxonomy":"product_tag","embeddable":true,"href":"https:\/\/www.ernstbrunn-apotheke.at\/katalog\/wp-json\/wp\/v2\/product_tag?post=125077"}],"curies":[{"name":"wp","href":"https:\/\/api.w.org\/{rel}","templated":true}]}}