{"id":12505,"date":"2025-11-07T14:51:06","date_gmt":"2025-11-07T13:51:06","guid":{"rendered":"https:\/\/www.ernstbrunn-apotheke.at\/katalog\/produkt\/nutrof-total-kapseln-30-stk\/"},"modified":"2025-12-08T13:33:38","modified_gmt":"2025-12-08T12:33:38","slug":"nutrof-total-kapseln-30-stk","status":"publish","type":"product","link":"https:\/\/www.ernstbrunn-apotheke.at\/katalog\/produkt\/nutrof-total-kapseln-30-stk\/","title":{"rendered":"Nutrof Total Kapseln &#8211; 30 Stk"},"content":{"rendered":"<p>Nutrof Total Kapseln wurden speziell entwickelt, um den K\u00f6rper mit wichtigen N\u00e4hrstoffen zu beliefern, die das Sehverm\u00f6gen sch\u00fctzen und die Augen vor freien Radikalen bewahren. Zink, Kupfer, Selen sowie die Vitamine C und E werden hiermit zugef\u00fchrt, da der K\u00f6rper sie nicht selbst bilden kann. Sie tragen zum Schutz der Zellen vor freien Radikalen bei. Vitamin A und B2 tragen zum Erhalt der normalen Sehkraft bei. Das zus\u00e4tzliche Lutein ist Bestandteil der Makula Lutea (\u201eGelber Fleck\u201c), der Stelle des sch\u00e4rfsten Sehens, und erh\u00e4lt diesen in gesunder Verfassung.<\/p>\n","protected":false},"excerpt":{"rendered":"<p>Nutrof Total Kapseln wurden speziell entwickelt, um den K\u00f6rper mit wichtigen N\u00e4hrstoffen zu beliefern, die das Sehverm\u00f6gen sch\u00fctzen und die Augen vor freien Radikalen bewahren. Zink, Kupfer, Selen sowie die Vitamine C und E werden hiermit zugef\u00fchrt, da der K\u00f6rper sie nicht selbst bilden kann. Sie tragen zum Schutz der Zellen vor freien Radikalen bei. [&hellip;]<\/p>\n","protected":false},"featured_media":12507,"template":"","meta":{"_acf_changed":false},"product_brand":[],"product_cat":[797],"product_tag":[],"class_list":{"0":"post-12505","1":"product","2":"type-product","3":"status-publish","4":"has-post-thumbnail","6":"product_cat-n","7":"pa_packungsgroesse-30-stueck","9":"first","10":"instock","11":"shipping-taxable","12":"purchasable","13":"product-type-simple"},"acf":[],"_links":{"self":[{"href":"https:\/\/www.ernstbrunn-apotheke.at\/katalog\/wp-json\/wp\/v2\/product\/12505","targetHints":{"allow":["GET"]}}],"collection":[{"href":"https:\/\/www.ernstbrunn-apotheke.at\/katalog\/wp-json\/wp\/v2\/product"}],"about":[{"href":"https:\/\/www.ernstbrunn-apotheke.at\/katalog\/wp-json\/wp\/v2\/types\/product"}],"wp:featuredmedia":[{"embeddable":true,"href":"https:\/\/www.ernstbrunn-apotheke.at\/katalog\/wp-json\/wp\/v2\/media\/12507"}],"wp:attachment":[{"href":"https:\/\/www.ernstbrunn-apotheke.at\/katalog\/wp-json\/wp\/v2\/media?parent=12505"}],"wp:term":[{"taxonomy":"product_brand","embeddable":true,"href":"https:\/\/www.ernstbrunn-apotheke.at\/katalog\/wp-json\/wp\/v2\/product_brand?post=12505"},{"taxonomy":"product_cat","embeddable":true,"href":"https:\/\/www.ernstbrunn-apotheke.at\/katalog\/wp-json\/wp\/v2\/product_cat?post=12505"},{"taxonomy":"product_tag","embeddable":true,"href":"https:\/\/www.ernstbrunn-apotheke.at\/katalog\/wp-json\/wp\/v2\/product_tag?post=12505"}],"curies":[{"name":"wp","href":"https:\/\/api.w.org\/{rel}","templated":true}]}}