{"id":124920,"date":"2025-11-13T14:08:17","date_gmt":"2025-11-13T13:08:17","guid":{"rendered":"https:\/\/www.ernstbrunn-apotheke.at\/katalog\/produkt\/kalifornische-bluetenessenz-indian-pink-30-ml\/"},"modified":"2025-12-09T09:56:17","modified_gmt":"2025-12-09T08:56:17","slug":"kalifornische-bluetenessenz-indian-pink-30-ml","status":"publish","type":"product","link":"https:\/\/www.ernstbrunn-apotheke.at\/katalog\/produkt\/kalifornische-bluetenessenz-indian-pink-30-ml\/","title":{"rendered":"Kalifornische Bl\u00fctenessenz Indian Pink 30 ml"},"content":{"rendered":"<p>Kalifornische Bl\u00fctenessenzen Indian Pink hilft dabei, trotz Stress die Konzentrationsf\u00e4higkeit bewahren. Wenn man sich leicht durch jede Kleinigkeit aus der Ruhe bringen l\u00e4sst. Die Essenz hilft, die Konzentrationsf\u00e4higkeit in stressigen Situationen zu bewahren und sich nicht aus dem Gleichgewicht bringen zu lassen.<\/p>\n","protected":false},"excerpt":{"rendered":"<p>Kalifornische Bl\u00fctenessenzen Indian Pink hilft dabei, trotz Stress die Konzentrationsf\u00e4higkeit bewahren. Wenn man sich leicht durch jede Kleinigkeit aus der Ruhe bringen l\u00e4sst. Die Essenz hilft, die Konzentrationsf\u00e4higkeit in stressigen Situationen zu bewahren und sich nicht aus dem Gleichgewicht bringen zu lassen.<\/p>\n","protected":false},"featured_media":0,"template":"","meta":{"_acf_changed":false},"product_brand":[],"product_cat":[807],"product_tag":[],"class_list":{"0":"post-124920","1":"product","2":"type-product","3":"status-publish","5":"product_cat-k","6":"pa_packungsgroesse-30ml","8":"first","9":"instock","10":"shipping-taxable","11":"purchasable","12":"product-type-simple"},"acf":[],"_links":{"self":[{"href":"https:\/\/www.ernstbrunn-apotheke.at\/katalog\/wp-json\/wp\/v2\/product\/124920","targetHints":{"allow":["GET"]}}],"collection":[{"href":"https:\/\/www.ernstbrunn-apotheke.at\/katalog\/wp-json\/wp\/v2\/product"}],"about":[{"href":"https:\/\/www.ernstbrunn-apotheke.at\/katalog\/wp-json\/wp\/v2\/types\/product"}],"wp:attachment":[{"href":"https:\/\/www.ernstbrunn-apotheke.at\/katalog\/wp-json\/wp\/v2\/media?parent=124920"}],"wp:term":[{"taxonomy":"product_brand","embeddable":true,"href":"https:\/\/www.ernstbrunn-apotheke.at\/katalog\/wp-json\/wp\/v2\/product_brand?post=124920"},{"taxonomy":"product_cat","embeddable":true,"href":"https:\/\/www.ernstbrunn-apotheke.at\/katalog\/wp-json\/wp\/v2\/product_cat?post=124920"},{"taxonomy":"product_tag","embeddable":true,"href":"https:\/\/www.ernstbrunn-apotheke.at\/katalog\/wp-json\/wp\/v2\/product_tag?post=124920"}],"curies":[{"name":"wp","href":"https:\/\/api.w.org\/{rel}","templated":true}]}}