{"id":12490,"date":"2025-11-07T14:50:22","date_gmt":"2025-11-07T13:50:22","guid":{"rendered":"https:\/\/www.ernstbrunn-apotheke.at\/katalog\/produkt\/futuro-rueckenbandagen-1-stk-s-m\/"},"modified":"2025-12-08T13:33:41","modified_gmt":"2025-12-08T12:33:41","slug":"futuro-rueckenbandagen-1-stk-s-m","status":"publish","type":"product","link":"https:\/\/www.ernstbrunn-apotheke.at\/katalog\/produkt\/futuro-rueckenbandagen-1-stk-s-m\/","title":{"rendered":"Futuro R\u00fcckenbandagen 1 Stk. S\/M"},"content":{"rendered":"<p>Futuro R\u00fcckenbandage hilft bei akuten und chronischen R\u00fcckenschmerzen, postoperativen Behandlungen und Lumbago. Mit ihren anpassbaren Gurten sorgt sie f\u00fcr einen optimalen Sitz, eine individuelle Stabilisierung und Kompressionsanpassung und tr\u00e4gt sich dabei \u00e4u\u00dferst angenehm. Ihr Material ist hautfreundlich und atmungsaktiv.<\/p>\n","protected":false},"excerpt":{"rendered":"<p>Futuro R\u00fcckenbandage hilft bei akuten und chronischen R\u00fcckenschmerzen, postoperativen Behandlungen und Lumbago. Mit ihren anpassbaren Gurten sorgt sie f\u00fcr einen optimalen Sitz, eine individuelle Stabilisierung und Kompressionsanpassung und tr\u00e4gt sich dabei \u00e4u\u00dferst angenehm. Ihr Material ist hautfreundlich und atmungsaktiv.<\/p>\n","protected":false},"featured_media":12492,"template":"","meta":{"_acf_changed":false},"product_brand":[413],"product_cat":[809],"product_tag":[],"class_list":{"0":"post-12490","1":"product","2":"type-product","3":"status-publish","4":"has-post-thumbnail","6":"product_brand-futuro","7":"product_cat-f","8":"pa_packungsgroesse-1-stueck","10":"first","11":"instock","12":"shipping-taxable","13":"purchasable","14":"product-type-variable"},"acf":[],"_links":{"self":[{"href":"https:\/\/www.ernstbrunn-apotheke.at\/katalog\/wp-json\/wp\/v2\/product\/12490","targetHints":{"allow":["GET"]}}],"collection":[{"href":"https:\/\/www.ernstbrunn-apotheke.at\/katalog\/wp-json\/wp\/v2\/product"}],"about":[{"href":"https:\/\/www.ernstbrunn-apotheke.at\/katalog\/wp-json\/wp\/v2\/types\/product"}],"wp:featuredmedia":[{"embeddable":true,"href":"https:\/\/www.ernstbrunn-apotheke.at\/katalog\/wp-json\/wp\/v2\/media\/12492"}],"wp:attachment":[{"href":"https:\/\/www.ernstbrunn-apotheke.at\/katalog\/wp-json\/wp\/v2\/media?parent=12490"}],"wp:term":[{"taxonomy":"product_brand","embeddable":true,"href":"https:\/\/www.ernstbrunn-apotheke.at\/katalog\/wp-json\/wp\/v2\/product_brand?post=12490"},{"taxonomy":"product_cat","embeddable":true,"href":"https:\/\/www.ernstbrunn-apotheke.at\/katalog\/wp-json\/wp\/v2\/product_cat?post=12490"},{"taxonomy":"product_tag","embeddable":true,"href":"https:\/\/www.ernstbrunn-apotheke.at\/katalog\/wp-json\/wp\/v2\/product_tag?post=12490"}],"curies":[{"name":"wp","href":"https:\/\/api.w.org\/{rel}","templated":true}]}}