{"id":12482,"date":"2025-11-07T14:50:22","date_gmt":"2025-11-07T13:50:22","guid":{"rendered":"https:\/\/www.ernstbrunn-apotheke.at\/katalog\/produkt\/futuro-sport-sprunggelenksbandage-1-stk\/"},"modified":"2025-12-08T13:33:35","modified_gmt":"2025-12-08T12:33:35","slug":"futuro-sport-sprunggelenksbandage-1-stk","status":"publish","type":"product","link":"https:\/\/www.ernstbrunn-apotheke.at\/katalog\/produkt\/futuro-sport-sprunggelenksbandage-1-stk\/","title":{"rendered":"Futuro Sport Sprunggelenksbandage 1 Stk."},"content":{"rendered":"<p>Futuro Sport Sprunggelenksbandage hilft bei einem chronisch instabilen Kn\u00f6chel, bei \u00dcberlastungssyndrom oder bei Verstauchungen. Ihr hautfreundliches, atmungsaktives Material sorgt f\u00fcr einen angenehmen Tragekomfort, ist d\u00fcnn und tr\u00e4gt daher kaum auf. Die Bandage hat einen anpassbaren Gurt f\u00fcr die individuelle Stabilisierung des Sprunggelenks. Zudem spendet sie wohltuende W\u00e4rme und sorgt f\u00fcr einen Kompressionseffekt.<\/p>\n","protected":false},"excerpt":{"rendered":"<p>Futuro Sport Sprunggelenksbandage hilft bei einem chronisch instabilen Kn\u00f6chel, bei \u00dcberlastungssyndrom oder bei Verstauchungen. Ihr hautfreundliches, atmungsaktives Material sorgt f\u00fcr einen angenehmen Tragekomfort, ist d\u00fcnn und tr\u00e4gt daher kaum auf. Die Bandage hat einen anpassbaren Gurt f\u00fcr die individuelle Stabilisierung des Sprunggelenks. Zudem spendet sie wohltuende W\u00e4rme und sorgt f\u00fcr einen Kompressionseffekt.<\/p>\n","protected":false},"featured_media":12484,"template":"","meta":{"_acf_changed":false},"product_brand":[413],"product_cat":[809],"product_tag":[],"class_list":{"0":"post-12482","1":"product","2":"type-product","3":"status-publish","4":"has-post-thumbnail","6":"product_brand-futuro","7":"product_cat-f","8":"pa_packungsgroesse-1-stueck","10":"first","11":"instock","12":"shipping-taxable","13":"purchasable","14":"product-type-simple"},"acf":[],"_links":{"self":[{"href":"https:\/\/www.ernstbrunn-apotheke.at\/katalog\/wp-json\/wp\/v2\/product\/12482","targetHints":{"allow":["GET"]}}],"collection":[{"href":"https:\/\/www.ernstbrunn-apotheke.at\/katalog\/wp-json\/wp\/v2\/product"}],"about":[{"href":"https:\/\/www.ernstbrunn-apotheke.at\/katalog\/wp-json\/wp\/v2\/types\/product"}],"wp:featuredmedia":[{"embeddable":true,"href":"https:\/\/www.ernstbrunn-apotheke.at\/katalog\/wp-json\/wp\/v2\/media\/12484"}],"wp:attachment":[{"href":"https:\/\/www.ernstbrunn-apotheke.at\/katalog\/wp-json\/wp\/v2\/media?parent=12482"}],"wp:term":[{"taxonomy":"product_brand","embeddable":true,"href":"https:\/\/www.ernstbrunn-apotheke.at\/katalog\/wp-json\/wp\/v2\/product_brand?post=12482"},{"taxonomy":"product_cat","embeddable":true,"href":"https:\/\/www.ernstbrunn-apotheke.at\/katalog\/wp-json\/wp\/v2\/product_cat?post=12482"},{"taxonomy":"product_tag","embeddable":true,"href":"https:\/\/www.ernstbrunn-apotheke.at\/katalog\/wp-json\/wp\/v2\/product_tag?post=12482"}],"curies":[{"name":"wp","href":"https:\/\/api.w.org\/{rel}","templated":true}]}}