{"id":124735,"date":"2025-11-13T14:04:46","date_gmt":"2025-11-13T13:04:46","guid":{"rendered":"https:\/\/www.ernstbrunn-apotheke.at\/katalog\/produkt\/wekomed-insekten-frei-50-ml\/"},"modified":"2025-12-09T09:55:36","modified_gmt":"2025-12-09T08:55:36","slug":"wekomed-insekten-frei-50-ml","status":"publish","type":"product","link":"https:\/\/www.ernstbrunn-apotheke.at\/katalog\/produkt\/wekomed-insekten-frei-50-ml\/","title":{"rendered":"Wekomed Insekten Frei 50 ml"},"content":{"rendered":"<p>Wekomed Insekten vertreibt Insekten mit nat\u00fcrlichen \u00e4therischen \u00d6len im Wohnbereich und im Freien. Einfach Deckel aufschrauben, Schutzfolie entfernen, den Docht herausziehen und z.B. im Wohnbereich, auf der Terrasse, im Wohnwagen oder Zelt positionieren.<\/p>\n","protected":false},"excerpt":{"rendered":"<p>Wekomed Insekten vertreibt Insekten mit nat\u00fcrlichen \u00e4therischen \u00d6len im Wohnbereich und im Freien. Einfach Deckel aufschrauben, Schutzfolie entfernen, den Docht herausziehen und z.B. im Wohnbereich, auf der Terrasse, im Wohnwagen oder Zelt positionieren.<\/p>\n","protected":false},"featured_media":124737,"template":"","meta":{"_acf_changed":false},"product_brand":[],"product_cat":[796],"product_tag":[],"class_list":{"0":"post-124735","1":"product","2":"type-product","3":"status-publish","4":"has-post-thumbnail","6":"product_cat-w","7":"pa_packungsgroesse-50ml","9":"first","10":"instock","11":"shipping-taxable","12":"purchasable","13":"product-type-simple"},"acf":[],"_links":{"self":[{"href":"https:\/\/www.ernstbrunn-apotheke.at\/katalog\/wp-json\/wp\/v2\/product\/124735","targetHints":{"allow":["GET"]}}],"collection":[{"href":"https:\/\/www.ernstbrunn-apotheke.at\/katalog\/wp-json\/wp\/v2\/product"}],"about":[{"href":"https:\/\/www.ernstbrunn-apotheke.at\/katalog\/wp-json\/wp\/v2\/types\/product"}],"wp:featuredmedia":[{"embeddable":true,"href":"https:\/\/www.ernstbrunn-apotheke.at\/katalog\/wp-json\/wp\/v2\/media\/124737"}],"wp:attachment":[{"href":"https:\/\/www.ernstbrunn-apotheke.at\/katalog\/wp-json\/wp\/v2\/media?parent=124735"}],"wp:term":[{"taxonomy":"product_brand","embeddable":true,"href":"https:\/\/www.ernstbrunn-apotheke.at\/katalog\/wp-json\/wp\/v2\/product_brand?post=124735"},{"taxonomy":"product_cat","embeddable":true,"href":"https:\/\/www.ernstbrunn-apotheke.at\/katalog\/wp-json\/wp\/v2\/product_cat?post=124735"},{"taxonomy":"product_tag","embeddable":true,"href":"https:\/\/www.ernstbrunn-apotheke.at\/katalog\/wp-json\/wp\/v2\/product_tag?post=124735"}],"curies":[{"name":"wp","href":"https:\/\/api.w.org\/{rel}","templated":true}]}}