{"id":124362,"date":"2025-11-13T13:14:00","date_gmt":"2025-11-13T12:14:00","guid":{"rendered":"https:\/\/www.ernstbrunn-apotheke.at\/katalog\/produkt\/huebner-augenspray-gegen-trockene-augen-10-ml\/"},"modified":"2025-12-09T09:54:53","modified_gmt":"2025-12-09T08:54:53","slug":"huebner-augenspray-gegen-trockene-augen-10-ml","status":"publish","type":"product","link":"https:\/\/www.ernstbrunn-apotheke.at\/katalog\/produkt\/huebner-augenspray-gegen-trockene-augen-10-ml\/","title":{"rendered":"H\u00fcbner Augenspray gegen trockene Augen 10 ml"},"content":{"rendered":"<p>H\u00fcbner Augenspray gegen trockene Augen stabilisiert die Lipidschicht beim trockenen Auge und verbessert die Befeuchtung der Augen und der Augenlider. Zus\u00e4tzlich erh\u00f6ht der Spray den Tragekomfort bei Kontaktlinsentr\u00e4gern.<\/p>\n","protected":false},"excerpt":{"rendered":"<p>H\u00fcbner Augenspray gegen trockene Augen stabilisiert die Lipidschicht beim trockenen Auge und verbessert die Befeuchtung der Augen und der Augenlider. Zus\u00e4tzlich erh\u00f6ht der Spray den Tragekomfort bei Kontaktlinsentr\u00e4gern.<\/p>\n","protected":false},"featured_media":124364,"template":"","meta":{"_acf_changed":false},"product_brand":[],"product_cat":[805],"product_tag":[],"class_list":{"0":"post-124362","1":"product","2":"type-product","3":"status-publish","4":"has-post-thumbnail","6":"product_cat-h","7":"pa_packungsgroesse-10ml","9":"first","10":"instock","11":"shipping-taxable","12":"purchasable","13":"product-type-simple"},"acf":[],"_links":{"self":[{"href":"https:\/\/www.ernstbrunn-apotheke.at\/katalog\/wp-json\/wp\/v2\/product\/124362","targetHints":{"allow":["GET"]}}],"collection":[{"href":"https:\/\/www.ernstbrunn-apotheke.at\/katalog\/wp-json\/wp\/v2\/product"}],"about":[{"href":"https:\/\/www.ernstbrunn-apotheke.at\/katalog\/wp-json\/wp\/v2\/types\/product"}],"wp:featuredmedia":[{"embeddable":true,"href":"https:\/\/www.ernstbrunn-apotheke.at\/katalog\/wp-json\/wp\/v2\/media\/124364"}],"wp:attachment":[{"href":"https:\/\/www.ernstbrunn-apotheke.at\/katalog\/wp-json\/wp\/v2\/media?parent=124362"}],"wp:term":[{"taxonomy":"product_brand","embeddable":true,"href":"https:\/\/www.ernstbrunn-apotheke.at\/katalog\/wp-json\/wp\/v2\/product_brand?post=124362"},{"taxonomy":"product_cat","embeddable":true,"href":"https:\/\/www.ernstbrunn-apotheke.at\/katalog\/wp-json\/wp\/v2\/product_cat?post=124362"},{"taxonomy":"product_tag","embeddable":true,"href":"https:\/\/www.ernstbrunn-apotheke.at\/katalog\/wp-json\/wp\/v2\/product_tag?post=124362"}],"curies":[{"name":"wp","href":"https:\/\/api.w.org\/{rel}","templated":true}]}}