{"id":124259,"date":"2025-11-13T13:11:40","date_gmt":"2025-11-13T12:11:40","guid":{"rendered":"https:\/\/www.ernstbrunn-apotheke.at\/katalog\/produkt\/kraeuterhof-pferdebalsam-250-ml\/"},"modified":"2025-12-09T09:54:33","modified_gmt":"2025-12-09T08:54:33","slug":"kraeuterhof-pferdebalsam-250-ml","status":"publish","type":"product","link":"https:\/\/www.ernstbrunn-apotheke.at\/katalog\/produkt\/kraeuterhof-pferdebalsam-250-ml\/","title":{"rendered":"Kr\u00e4uterhof Pferdebalsam 250 ml"},"content":{"rendered":"<p>Kr\u00e4uterhof\u00ae Massage-Gel f\u00fcr eine intensive w\u00e4rmende K\u00f6rperpflege mit extra starker Wirkung. Das Gel enth\u00e4lt Extrakte aus rotem Weinlaub, Rosskastanie, Melisse, Kamille, Hopfen, Baldrian, Schafgarbe und Fenchel.Anwendung: Das besonders wohlige und angenehme W\u00e4rmegef\u00fchl ist nach k\u00f6rperlicher Belastung bzw. Anstrengung besonders zu empfehlen. D\u00fcnn auf die beanspruchten K\u00f6rperstellen auftragen und einmassieren..<\/p>\n","protected":false},"excerpt":{"rendered":"<p>Kr\u00e4uterhof\u00ae Massage-Gel f\u00fcr eine intensive w\u00e4rmende K\u00f6rperpflege mit extra starker Wirkung. Das Gel enth\u00e4lt Extrakte aus rotem Weinlaub, Rosskastanie, Melisse, Kamille, Hopfen, Baldrian, Schafgarbe und Fenchel.Anwendung: Das besonders wohlige und angenehme W\u00e4rmegef\u00fchl ist nach k\u00f6rperlicher Belastung bzw. Anstrengung besonders zu empfehlen. D\u00fcnn auf die beanspruchten K\u00f6rperstellen auftragen und einmassieren..<\/p>\n","protected":false},"featured_media":124261,"template":"","meta":{"_acf_changed":false},"product_brand":[],"product_cat":[807],"product_tag":[],"class_list":{"0":"post-124259","1":"product","2":"type-product","3":"status-publish","4":"has-post-thumbnail","6":"product_cat-k","7":"pa_packungsgroesse-250ml","9":"first","10":"instock","11":"shipping-taxable","12":"purchasable","13":"product-type-simple"},"acf":[],"_links":{"self":[{"href":"https:\/\/www.ernstbrunn-apotheke.at\/katalog\/wp-json\/wp\/v2\/product\/124259","targetHints":{"allow":["GET"]}}],"collection":[{"href":"https:\/\/www.ernstbrunn-apotheke.at\/katalog\/wp-json\/wp\/v2\/product"}],"about":[{"href":"https:\/\/www.ernstbrunn-apotheke.at\/katalog\/wp-json\/wp\/v2\/types\/product"}],"wp:featuredmedia":[{"embeddable":true,"href":"https:\/\/www.ernstbrunn-apotheke.at\/katalog\/wp-json\/wp\/v2\/media\/124261"}],"wp:attachment":[{"href":"https:\/\/www.ernstbrunn-apotheke.at\/katalog\/wp-json\/wp\/v2\/media?parent=124259"}],"wp:term":[{"taxonomy":"product_brand","embeddable":true,"href":"https:\/\/www.ernstbrunn-apotheke.at\/katalog\/wp-json\/wp\/v2\/product_brand?post=124259"},{"taxonomy":"product_cat","embeddable":true,"href":"https:\/\/www.ernstbrunn-apotheke.at\/katalog\/wp-json\/wp\/v2\/product_cat?post=124259"},{"taxonomy":"product_tag","embeddable":true,"href":"https:\/\/www.ernstbrunn-apotheke.at\/katalog\/wp-json\/wp\/v2\/product_tag?post=124259"}],"curies":[{"name":"wp","href":"https:\/\/api.w.org\/{rel}","templated":true}]}}