{"id":124223,"date":"2025-11-13T12:37:33","date_gmt":"2025-11-13T11:37:33","guid":{"rendered":"https:\/\/www.ernstbrunn-apotheke.at\/katalog\/produkt\/bios-kohl-250-mg-kapseln\/"},"modified":"2025-12-09T09:54:30","modified_gmt":"2025-12-09T08:54:30","slug":"bios-kohl-250-mg-kapseln","status":"publish","type":"product","link":"https:\/\/www.ernstbrunn-apotheke.at\/katalog\/produkt\/bios-kohl-250-mg-kapseln\/","title":{"rendered":"Bios Kohl 250 mg Kapseln"},"content":{"rendered":"<p>Bios Kohl 250 mg Kapseln beinhalten 250 mg Wei\u00dfkohlpulver in einer Hartgelatinekapsel. Das verwendete Wei\u00dfkohlpulver stammt von erntefrischen Kohlk\u00f6pfen, die durch ein spezielles Verfahren getrocknet werden. Durch den hohen Wasserverlust werden die Inhaltsstoffe stark konzentriert.<\/p>\n","protected":false},"excerpt":{"rendered":"<p>Bios Kohl 250 mg Kapseln beinhalten 250 mg Wei\u00dfkohlpulver in einer Hartgelatinekapsel. Das verwendete Wei\u00dfkohlpulver stammt von erntefrischen Kohlk\u00f6pfen, die durch ein spezielles Verfahren getrocknet werden. Durch den hohen Wasserverlust werden die Inhaltsstoffe stark konzentriert.<\/p>\n","protected":false},"featured_media":124225,"template":"","meta":{"_acf_changed":false},"product_brand":[],"product_cat":[802],"product_tag":[],"class_list":{"0":"post-124223","1":"product","2":"type-product","3":"status-publish","4":"has-post-thumbnail","6":"product_cat-b","7":"pa_packungsgroesse-100-stueck","9":"first","10":"instock","11":"shipping-taxable","12":"purchasable","13":"product-type-simple"},"acf":[],"_links":{"self":[{"href":"https:\/\/www.ernstbrunn-apotheke.at\/katalog\/wp-json\/wp\/v2\/product\/124223","targetHints":{"allow":["GET"]}}],"collection":[{"href":"https:\/\/www.ernstbrunn-apotheke.at\/katalog\/wp-json\/wp\/v2\/product"}],"about":[{"href":"https:\/\/www.ernstbrunn-apotheke.at\/katalog\/wp-json\/wp\/v2\/types\/product"}],"wp:featuredmedia":[{"embeddable":true,"href":"https:\/\/www.ernstbrunn-apotheke.at\/katalog\/wp-json\/wp\/v2\/media\/124225"}],"wp:attachment":[{"href":"https:\/\/www.ernstbrunn-apotheke.at\/katalog\/wp-json\/wp\/v2\/media?parent=124223"}],"wp:term":[{"taxonomy":"product_brand","embeddable":true,"href":"https:\/\/www.ernstbrunn-apotheke.at\/katalog\/wp-json\/wp\/v2\/product_brand?post=124223"},{"taxonomy":"product_cat","embeddable":true,"href":"https:\/\/www.ernstbrunn-apotheke.at\/katalog\/wp-json\/wp\/v2\/product_cat?post=124223"},{"taxonomy":"product_tag","embeddable":true,"href":"https:\/\/www.ernstbrunn-apotheke.at\/katalog\/wp-json\/wp\/v2\/product_tag?post=124223"}],"curies":[{"name":"wp","href":"https:\/\/api.w.org\/{rel}","templated":true}]}}