{"id":124155,"date":"2025-11-13T11:46:20","date_gmt":"2025-11-13T10:46:20","guid":{"rendered":"https:\/\/www.ernstbrunn-apotheke.at\/katalog\/produkt\/kijimea-k53-kapseln-18-stk\/"},"modified":"2025-12-09T09:54:21","modified_gmt":"2025-12-09T08:54:21","slug":"kijimea-k53-kapseln-18-stk","status":"publish","type":"product","link":"https:\/\/www.ernstbrunn-apotheke.at\/katalog\/produkt\/kijimea-k53-kapseln-18-stk\/","title":{"rendered":"Kijimea K53 Kapseln 18 Stk."},"content":{"rendered":"<p>Kijimea\u00ae K53 Kapseln 18 Stk. ist ein di\u00e4tetisches Lebensmittel f\u00fcr besondere medizinische Zwecke (erg\u00e4nzende bilanzierte Di\u00e4t) zum Di\u00e4tmanagement bei allergischer Rhinokonjunktivitis, z. B. Heuschnupfen, mit den typischen Symptomen laufende\/juckende\/verstopfte Nase, Niesen, juckende\/tr\u00e4nende Augen.<\/p>\n","protected":false},"excerpt":{"rendered":"<p>Kijimea\u00ae K53 Kapseln 18 Stk. ist ein di\u00e4tetisches Lebensmittel f\u00fcr besondere medizinische Zwecke (erg\u00e4nzende bilanzierte Di\u00e4t) zum Di\u00e4tmanagement bei allergischer Rhinokonjunktivitis, z. B. Heuschnupfen, mit den typischen Symptomen laufende\/juckende\/verstopfte Nase, Niesen, juckende\/tr\u00e4nende Augen.<\/p>\n","protected":false},"featured_media":124157,"template":"","meta":{"_acf_changed":false},"product_brand":[],"product_cat":[807],"product_tag":[],"class_list":{"0":"post-124155","1":"product","2":"type-product","3":"status-publish","4":"has-post-thumbnail","6":"product_cat-k","7":"pa_packungsgroesse-18-stueck","9":"first","10":"instock","11":"shipping-taxable","12":"purchasable","13":"product-type-simple"},"acf":[],"_links":{"self":[{"href":"https:\/\/www.ernstbrunn-apotheke.at\/katalog\/wp-json\/wp\/v2\/product\/124155","targetHints":{"allow":["GET"]}}],"collection":[{"href":"https:\/\/www.ernstbrunn-apotheke.at\/katalog\/wp-json\/wp\/v2\/product"}],"about":[{"href":"https:\/\/www.ernstbrunn-apotheke.at\/katalog\/wp-json\/wp\/v2\/types\/product"}],"wp:featuredmedia":[{"embeddable":true,"href":"https:\/\/www.ernstbrunn-apotheke.at\/katalog\/wp-json\/wp\/v2\/media\/124157"}],"wp:attachment":[{"href":"https:\/\/www.ernstbrunn-apotheke.at\/katalog\/wp-json\/wp\/v2\/media?parent=124155"}],"wp:term":[{"taxonomy":"product_brand","embeddable":true,"href":"https:\/\/www.ernstbrunn-apotheke.at\/katalog\/wp-json\/wp\/v2\/product_brand?post=124155"},{"taxonomy":"product_cat","embeddable":true,"href":"https:\/\/www.ernstbrunn-apotheke.at\/katalog\/wp-json\/wp\/v2\/product_cat?post=124155"},{"taxonomy":"product_tag","embeddable":true,"href":"https:\/\/www.ernstbrunn-apotheke.at\/katalog\/wp-json\/wp\/v2\/product_tag?post=124155"}],"curies":[{"name":"wp","href":"https:\/\/api.w.org\/{rel}","templated":true}]}}