{"id":124124,"date":"2025-11-13T11:45:18","date_gmt":"2025-11-13T10:45:18","guid":{"rendered":"https:\/\/www.ernstbrunn-apotheke.at\/katalog\/produkt\/kamill-hand-nagel-creme-250-ml\/"},"modified":"2025-12-09T09:54:19","modified_gmt":"2025-12-09T08:54:19","slug":"kamill-hand-nagel-creme-250-ml","status":"publish","type":"product","link":"https:\/\/www.ernstbrunn-apotheke.at\/katalog\/produkt\/kamill-hand-nagel-creme-250-ml\/","title":{"rendered":"Kamill Hand &#038; Nagel Creme 250 ml"},"content":{"rendered":"<p>Kamill Hand &#038; Nagel Creme mit Kamillenextrakt und Bisabolol beruhigt die Haut und unterst\u00fctzt ihre nat\u00fcrliche Regeneration. Ihre H\u00e4nde werden lang anhaltend mit Feuchtigkeit versorgt und bleiben zart und geschmeidig  Tag f\u00fcr Tag. Diese Creme erhalten Sie in den Packungsgr\u00f6\u00dfen 150 ml und 250 ml.<\/p>\n","protected":false},"excerpt":{"rendered":"<p>Kamill Hand &#038; Nagel Creme mit Kamillenextrakt und Bisabolol beruhigt die Haut und unterst\u00fctzt ihre nat\u00fcrliche Regeneration. Ihre H\u00e4nde werden lang anhaltend mit Feuchtigkeit versorgt und bleiben zart und geschmeidig Tag f\u00fcr Tag. Diese Creme erhalten Sie in den Packungsgr\u00f6\u00dfen 150 ml und 250 ml.<\/p>\n","protected":false},"featured_media":124126,"template":"","meta":{"_acf_changed":false},"product_brand":[],"product_cat":[807],"product_tag":[],"class_list":{"0":"post-124124","1":"product","2":"type-product","3":"status-publish","4":"has-post-thumbnail","6":"product_cat-k","7":"pa_packungsgroesse-250ml","9":"first","10":"instock","11":"shipping-taxable","12":"purchasable","13":"product-type-simple"},"acf":[],"_links":{"self":[{"href":"https:\/\/www.ernstbrunn-apotheke.at\/katalog\/wp-json\/wp\/v2\/product\/124124","targetHints":{"allow":["GET"]}}],"collection":[{"href":"https:\/\/www.ernstbrunn-apotheke.at\/katalog\/wp-json\/wp\/v2\/product"}],"about":[{"href":"https:\/\/www.ernstbrunn-apotheke.at\/katalog\/wp-json\/wp\/v2\/types\/product"}],"wp:featuredmedia":[{"embeddable":true,"href":"https:\/\/www.ernstbrunn-apotheke.at\/katalog\/wp-json\/wp\/v2\/media\/124126"}],"wp:attachment":[{"href":"https:\/\/www.ernstbrunn-apotheke.at\/katalog\/wp-json\/wp\/v2\/media?parent=124124"}],"wp:term":[{"taxonomy":"product_brand","embeddable":true,"href":"https:\/\/www.ernstbrunn-apotheke.at\/katalog\/wp-json\/wp\/v2\/product_brand?post=124124"},{"taxonomy":"product_cat","embeddable":true,"href":"https:\/\/www.ernstbrunn-apotheke.at\/katalog\/wp-json\/wp\/v2\/product_cat?post=124124"},{"taxonomy":"product_tag","embeddable":true,"href":"https:\/\/www.ernstbrunn-apotheke.at\/katalog\/wp-json\/wp\/v2\/product_tag?post=124124"}],"curies":[{"name":"wp","href":"https:\/\/api.w.org\/{rel}","templated":true}]}}