{"id":124058,"date":"2025-11-13T11:43:53","date_gmt":"2025-11-13T10:43:53","guid":{"rendered":"https:\/\/www.ernstbrunn-apotheke.at\/katalog\/produkt\/gall-pharma-johanniskraut-oel-kapseln-180-stk\/"},"modified":"2025-12-09T09:54:08","modified_gmt":"2025-12-09T08:54:08","slug":"gall-pharma-johanniskraut-oel-kapseln-180-stk","status":"publish","type":"product","link":"https:\/\/www.ernstbrunn-apotheke.at\/katalog\/produkt\/gall-pharma-johanniskraut-oel-kapseln-180-stk\/","title":{"rendered":"Gall Pharma Johanniskraut \u00d6l Kapseln 180 Stk."},"content":{"rendered":"<p>Gall Pharma Johanniskraut \u00d6l Kapseln 180 Stk. stammen aus kontrolliert biologischem Anbau und sind reich an \u00d6lhypericinen. Johanniskraut\u00f6l Kapseln sind ein Nahrungserg\u00e4nzungsmittel, welches sich zur Besserung des Befindens bei nervlicher Belastung durch \u00dcberlieferung und langj\u00e4hrige Erfahrung bew\u00e4hrt hat. Leichte depressive Verstimmungen, die auf starke psychische Belastungen (Trauer, Stress-Situationen), hormonelle Schwankungen (Pubert\u00e4t, Wechseljahre), oder als Begleiterscheinungen diverser chronischer Erkrankungen auftreten, k\u00f6nnen erfolgreich mit Gall Pharma Johanniskraut \u00d6l Kapseln behandelt werden. Sich bei l\u00e4nger andauernden Depressionen jedoch beizeiten Hilfe zu holen, ist ebenso notwendig wie vern\u00fcnftig! Wir bieten Ihnen das Sortiment einer Standortapotheke, direkt zu Ihnen nach Hause geliefert!<\/p>\n","protected":false},"excerpt":{"rendered":"<p>Gall Pharma Johanniskraut \u00d6l Kapseln 180 Stk. stammen aus kontrolliert biologischem Anbau und sind reich an \u00d6lhypericinen. Johanniskraut\u00f6l Kapseln sind ein Nahrungserg\u00e4nzungsmittel, welches sich zur Besserung des Befindens bei nervlicher Belastung durch \u00dcberlieferung und langj\u00e4hrige Erfahrung bew\u00e4hrt hat. Leichte depressive Verstimmungen, die auf starke psychische Belastungen (Trauer, Stress-Situationen), hormonelle Schwankungen (Pubert\u00e4t, Wechseljahre), oder als Begleiterscheinungen [&hellip;]<\/p>\n","protected":false},"featured_media":124060,"template":"","meta":{"_acf_changed":false},"product_brand":[371],"product_cat":[810],"product_tag":[],"class_list":{"0":"post-124058","1":"product","2":"type-product","3":"status-publish","4":"has-post-thumbnail","6":"product_brand-gall-pharma","7":"product_cat-g","8":"pa_packungsgroesse-180-stueck","10":"first","11":"instock","12":"shipping-taxable","13":"purchasable","14":"product-type-simple"},"acf":[],"_links":{"self":[{"href":"https:\/\/www.ernstbrunn-apotheke.at\/katalog\/wp-json\/wp\/v2\/product\/124058","targetHints":{"allow":["GET"]}}],"collection":[{"href":"https:\/\/www.ernstbrunn-apotheke.at\/katalog\/wp-json\/wp\/v2\/product"}],"about":[{"href":"https:\/\/www.ernstbrunn-apotheke.at\/katalog\/wp-json\/wp\/v2\/types\/product"}],"wp:featuredmedia":[{"embeddable":true,"href":"https:\/\/www.ernstbrunn-apotheke.at\/katalog\/wp-json\/wp\/v2\/media\/124060"}],"wp:attachment":[{"href":"https:\/\/www.ernstbrunn-apotheke.at\/katalog\/wp-json\/wp\/v2\/media?parent=124058"}],"wp:term":[{"taxonomy":"product_brand","embeddable":true,"href":"https:\/\/www.ernstbrunn-apotheke.at\/katalog\/wp-json\/wp\/v2\/product_brand?post=124058"},{"taxonomy":"product_cat","embeddable":true,"href":"https:\/\/www.ernstbrunn-apotheke.at\/katalog\/wp-json\/wp\/v2\/product_cat?post=124058"},{"taxonomy":"product_tag","embeddable":true,"href":"https:\/\/www.ernstbrunn-apotheke.at\/katalog\/wp-json\/wp\/v2\/product_tag?post=124058"}],"curies":[{"name":"wp","href":"https:\/\/api.w.org\/{rel}","templated":true}]}}