{"id":124053,"date":"2025-11-13T11:43:33","date_gmt":"2025-11-13T10:43:33","guid":{"rendered":"https:\/\/www.ernstbrunn-apotheke.at\/katalog\/produkt\/gall-pharma-jod-kapseln-180-stk\/"},"modified":"2025-12-09T09:54:07","modified_gmt":"2025-12-09T08:54:07","slug":"gall-pharma-jod-kapseln-180-stk","status":"publish","type":"product","link":"https:\/\/www.ernstbrunn-apotheke.at\/katalog\/produkt\/gall-pharma-jod-kapseln-180-stk\/","title":{"rendered":"Gall Pharma Jod Kapseln 180 Stk."},"content":{"rendered":"<p>Bei Jod GPH Kapseln 180 Stk. ist der Hauptinhaltsstoff das Blasentag Pulver. Der Blasentang (Fucus vesiculosus) ist eine Braunalge aus dem Atlantik. Blasentang ist reich an Vitaminen, Mineralstoffen und eine nat\u00fcrliche Quelle f\u00fcr das Spurenelement Jod. Jod ist ein lebenswichtiges Spurenelement, welches f\u00fcr den Aufbau der jodhaltigen Schilddr\u00fcsenhormone ben\u00f6tigt wird. Diese spielen unter anderem eine wichtige Rolle in der Wachstumsphase, im Energiestoffwechsel und bei der Entwicklung vieler Organe, besonders der des Gehirns. Bei Symptomen eines Jodmangels, wie zum Beispiel Antriebslosigkeit, Gewichtszunahme und M\u00fcdigkeit, k\u00f6nnen die Jod GPH Kapseln die Ern\u00e4hrung sinnvoll erg\u00e4nzen.<\/p>\n","protected":false},"excerpt":{"rendered":"<p>Bei Jod GPH Kapseln 180 Stk. ist der Hauptinhaltsstoff das Blasentag Pulver. Der Blasentang (Fucus vesiculosus) ist eine Braunalge aus dem Atlantik. Blasentang ist reich an Vitaminen, Mineralstoffen und eine nat\u00fcrliche Quelle f\u00fcr das Spurenelement Jod. Jod ist ein lebenswichtiges Spurenelement, welches f\u00fcr den Aufbau der jodhaltigen Schilddr\u00fcsenhormone ben\u00f6tigt wird. Diese spielen unter anderem eine [&hellip;]<\/p>\n","protected":false},"featured_media":124055,"template":"","meta":{"_acf_changed":false},"product_brand":[],"product_cat":[810],"product_tag":[],"class_list":{"0":"post-124053","1":"product","2":"type-product","3":"status-publish","4":"has-post-thumbnail","6":"product_cat-g","7":"pa_packungsgroesse-180-stueck","9":"first","10":"instock","11":"shipping-taxable","12":"purchasable","13":"product-type-simple"},"acf":[],"_links":{"self":[{"href":"https:\/\/www.ernstbrunn-apotheke.at\/katalog\/wp-json\/wp\/v2\/product\/124053","targetHints":{"allow":["GET"]}}],"collection":[{"href":"https:\/\/www.ernstbrunn-apotheke.at\/katalog\/wp-json\/wp\/v2\/product"}],"about":[{"href":"https:\/\/www.ernstbrunn-apotheke.at\/katalog\/wp-json\/wp\/v2\/types\/product"}],"wp:featuredmedia":[{"embeddable":true,"href":"https:\/\/www.ernstbrunn-apotheke.at\/katalog\/wp-json\/wp\/v2\/media\/124055"}],"wp:attachment":[{"href":"https:\/\/www.ernstbrunn-apotheke.at\/katalog\/wp-json\/wp\/v2\/media?parent=124053"}],"wp:term":[{"taxonomy":"product_brand","embeddable":true,"href":"https:\/\/www.ernstbrunn-apotheke.at\/katalog\/wp-json\/wp\/v2\/product_brand?post=124053"},{"taxonomy":"product_cat","embeddable":true,"href":"https:\/\/www.ernstbrunn-apotheke.at\/katalog\/wp-json\/wp\/v2\/product_cat?post=124053"},{"taxonomy":"product_tag","embeddable":true,"href":"https:\/\/www.ernstbrunn-apotheke.at\/katalog\/wp-json\/wp\/v2\/product_tag?post=124053"}],"curies":[{"name":"wp","href":"https:\/\/api.w.org\/{rel}","templated":true}]}}