{"id":124025,"date":"2025-11-13T11:42:34","date_gmt":"2025-11-13T10:42:34","guid":{"rendered":"https:\/\/www.ernstbrunn-apotheke.at\/katalog\/produkt\/huebner-ingwer-bonbons-69-g\/"},"modified":"2025-12-09T09:54:04","modified_gmt":"2025-12-09T08:54:04","slug":"huebner-ingwer-bonbons-69-g","status":"publish","type":"product","link":"https:\/\/www.ernstbrunn-apotheke.at\/katalog\/produkt\/huebner-ingwer-bonbons-69-g\/","title":{"rendered":"H\u00fcbner Ingwer Bonbons 69 g"},"content":{"rendered":"<p>H\u00fcbner Ingwer Bonbons mit dem w\u00fcrzigscharfen Geschmack des Ingwers sind wohlschmeckende Bonbons, welche vor Allem bei Magenbeschwerden f\u00fcr Besserung sorgen. Ideal f\u00fcr zu Hause und auf Reisen.<\/p>\n","protected":false},"excerpt":{"rendered":"<p>H\u00fcbner Ingwer Bonbons mit dem w\u00fcrzigscharfen Geschmack des Ingwers sind wohlschmeckende Bonbons, welche vor Allem bei Magenbeschwerden f\u00fcr Besserung sorgen. Ideal f\u00fcr zu Hause und auf Reisen.<\/p>\n","protected":false},"featured_media":124027,"template":"","meta":{"_acf_changed":false},"product_brand":[],"product_cat":[805],"product_tag":[],"class_list":{"0":"post-124025","1":"product","2":"type-product","3":"status-publish","4":"has-post-thumbnail","6":"product_cat-h","7":"pa_packungsgroesse-500","9":"first","10":"instock","11":"shipping-taxable","12":"purchasable","13":"product-type-simple"},"acf":[],"_links":{"self":[{"href":"https:\/\/www.ernstbrunn-apotheke.at\/katalog\/wp-json\/wp\/v2\/product\/124025","targetHints":{"allow":["GET"]}}],"collection":[{"href":"https:\/\/www.ernstbrunn-apotheke.at\/katalog\/wp-json\/wp\/v2\/product"}],"about":[{"href":"https:\/\/www.ernstbrunn-apotheke.at\/katalog\/wp-json\/wp\/v2\/types\/product"}],"wp:featuredmedia":[{"embeddable":true,"href":"https:\/\/www.ernstbrunn-apotheke.at\/katalog\/wp-json\/wp\/v2\/media\/124027"}],"wp:attachment":[{"href":"https:\/\/www.ernstbrunn-apotheke.at\/katalog\/wp-json\/wp\/v2\/media?parent=124025"}],"wp:term":[{"taxonomy":"product_brand","embeddable":true,"href":"https:\/\/www.ernstbrunn-apotheke.at\/katalog\/wp-json\/wp\/v2\/product_brand?post=124025"},{"taxonomy":"product_cat","embeddable":true,"href":"https:\/\/www.ernstbrunn-apotheke.at\/katalog\/wp-json\/wp\/v2\/product_cat?post=124025"},{"taxonomy":"product_tag","embeddable":true,"href":"https:\/\/www.ernstbrunn-apotheke.at\/katalog\/wp-json\/wp\/v2\/product_tag?post=124025"}],"curies":[{"name":"wp","href":"https:\/\/api.w.org\/{rel}","templated":true}]}}