{"id":123940,"date":"2025-11-13T11:40:38","date_gmt":"2025-11-13T10:40:38","guid":{"rendered":"https:\/\/www.ernstbrunn-apotheke.at\/katalog\/produkt\/hylo-dual-intense-augentropfen-10-ml\/"},"modified":"2025-12-09T09:53:57","modified_gmt":"2025-12-09T08:53:57","slug":"hylo-dual-intense-augentropfen-10-ml","status":"publish","type":"product","link":"https:\/\/www.ernstbrunn-apotheke.at\/katalog\/produkt\/hylo-dual-intense-augentropfen-10-ml\/","title":{"rendered":"HYLO DUAL Intense Augentropfen 10 ml"},"content":{"rendered":"<p>Hylo Dual Intense Augentropfen lindern die typischen Symptome bei trockenen oder gereizten Augen: Brennen, Jucken und Tr\u00e4nen bzw. das Gef\u00fchl von Sand in den Augen. Die hochvisk\u00f6se L\u00f6sung enth\u00e4lt 0,2% Hyalurons\u00e4ure, welche das Auge nachhaltig mit einem stabilen Feuchtigkeitsfilm \u00fcberzieht. Das Auge wird so dauerhaft vor Reizungen gesch\u00fctzt und die Beschwerden nehmen ab.<\/p>\n","protected":false},"excerpt":{"rendered":"<p>Hylo Dual Intense Augentropfen lindern die typischen Symptome bei trockenen oder gereizten Augen: Brennen, Jucken und Tr\u00e4nen bzw. das Gef\u00fchl von Sand in den Augen. Die hochvisk\u00f6se L\u00f6sung enth\u00e4lt 0,2% Hyalurons\u00e4ure, welche das Auge nachhaltig mit einem stabilen Feuchtigkeitsfilm \u00fcberzieht. Das Auge wird so dauerhaft vor Reizungen gesch\u00fctzt und die Beschwerden nehmen ab.<\/p>\n","protected":false},"featured_media":123942,"template":"","meta":{"_acf_changed":false},"product_brand":[],"product_cat":[805],"product_tag":[],"class_list":{"0":"post-123940","1":"product","2":"type-product","3":"status-publish","4":"has-post-thumbnail","6":"product_cat-h","7":"pa_packungsgroesse-10ml","9":"first","10":"instock","11":"shipping-taxable","12":"purchasable","13":"product-type-simple"},"acf":[],"_links":{"self":[{"href":"https:\/\/www.ernstbrunn-apotheke.at\/katalog\/wp-json\/wp\/v2\/product\/123940","targetHints":{"allow":["GET"]}}],"collection":[{"href":"https:\/\/www.ernstbrunn-apotheke.at\/katalog\/wp-json\/wp\/v2\/product"}],"about":[{"href":"https:\/\/www.ernstbrunn-apotheke.at\/katalog\/wp-json\/wp\/v2\/types\/product"}],"wp:featuredmedia":[{"embeddable":true,"href":"https:\/\/www.ernstbrunn-apotheke.at\/katalog\/wp-json\/wp\/v2\/media\/123942"}],"wp:attachment":[{"href":"https:\/\/www.ernstbrunn-apotheke.at\/katalog\/wp-json\/wp\/v2\/media?parent=123940"}],"wp:term":[{"taxonomy":"product_brand","embeddable":true,"href":"https:\/\/www.ernstbrunn-apotheke.at\/katalog\/wp-json\/wp\/v2\/product_brand?post=123940"},{"taxonomy":"product_cat","embeddable":true,"href":"https:\/\/www.ernstbrunn-apotheke.at\/katalog\/wp-json\/wp\/v2\/product_cat?post=123940"},{"taxonomy":"product_tag","embeddable":true,"href":"https:\/\/www.ernstbrunn-apotheke.at\/katalog\/wp-json\/wp\/v2\/product_tag?post=123940"}],"curies":[{"name":"wp","href":"https:\/\/api.w.org\/{rel}","templated":true}]}}