{"id":123924,"date":"2025-11-13T11:40:09","date_gmt":"2025-11-13T10:40:09","guid":{"rendered":"https:\/\/www.ernstbrunn-apotheke.at\/katalog\/produkt\/casida-hyaluron-serum-intensiv-30-ml\/"},"modified":"2025-12-09T09:53:54","modified_gmt":"2025-12-09T08:53:54","slug":"casida-hyaluron-serum-intensiv-30-ml","status":"publish","type":"product","link":"https:\/\/www.ernstbrunn-apotheke.at\/katalog\/produkt\/casida-hyaluron-serum-intensiv-30-ml\/","title":{"rendered":"Casida Hyaluron Serum Intensiv 30 ml"},"content":{"rendered":"<p>Casida Hyaluron Serum Intensiv ist ein hochdosiertes Anti-Aging Serum f\u00fcr Gesicht, Hals und Dekollet\u00e9. Das Hyaluron Serum erh\u00f6ht die Spannkraft der Haut und wirkt gegen Falten und F\u00e4ltchen, Augenringe und Altersflecken. F\u00fcr ein j\u00fcngeres und frischeres Hautbild.<\/p>\n","protected":false},"excerpt":{"rendered":"<p>Casida Hyaluron Serum Intensiv ist ein hochdosiertes Anti-Aging Serum f\u00fcr Gesicht, Hals und Dekollet\u00e9. Das Hyaluron Serum erh\u00f6ht die Spannkraft der Haut und wirkt gegen Falten und F\u00e4ltchen, Augenringe und Altersflecken. F\u00fcr ein j\u00fcngeres und frischeres Hautbild.<\/p>\n","protected":false},"featured_media":123926,"template":"","meta":{"_acf_changed":false},"product_brand":[],"product_cat":[812],"product_tag":[],"class_list":{"0":"post-123924","1":"product","2":"type-product","3":"status-publish","4":"has-post-thumbnail","6":"product_cat-c","7":"pa_packungsgroesse-30ml","9":"first","10":"instock","11":"shipping-taxable","12":"purchasable","13":"product-type-simple"},"acf":[],"_links":{"self":[{"href":"https:\/\/www.ernstbrunn-apotheke.at\/katalog\/wp-json\/wp\/v2\/product\/123924","targetHints":{"allow":["GET"]}}],"collection":[{"href":"https:\/\/www.ernstbrunn-apotheke.at\/katalog\/wp-json\/wp\/v2\/product"}],"about":[{"href":"https:\/\/www.ernstbrunn-apotheke.at\/katalog\/wp-json\/wp\/v2\/types\/product"}],"wp:featuredmedia":[{"embeddable":true,"href":"https:\/\/www.ernstbrunn-apotheke.at\/katalog\/wp-json\/wp\/v2\/media\/123926"}],"wp:attachment":[{"href":"https:\/\/www.ernstbrunn-apotheke.at\/katalog\/wp-json\/wp\/v2\/media?parent=123924"}],"wp:term":[{"taxonomy":"product_brand","embeddable":true,"href":"https:\/\/www.ernstbrunn-apotheke.at\/katalog\/wp-json\/wp\/v2\/product_brand?post=123924"},{"taxonomy":"product_cat","embeddable":true,"href":"https:\/\/www.ernstbrunn-apotheke.at\/katalog\/wp-json\/wp\/v2\/product_cat?post=123924"},{"taxonomy":"product_tag","embeddable":true,"href":"https:\/\/www.ernstbrunn-apotheke.at\/katalog\/wp-json\/wp\/v2\/product_tag?post=123924"}],"curies":[{"name":"wp","href":"https:\/\/api.w.org\/{rel}","templated":true}]}}