{"id":123910,"date":"2025-11-13T11:39:55","date_gmt":"2025-11-13T10:39:55","guid":{"rendered":"https:\/\/www.ernstbrunn-apotheke.at\/katalog\/produkt\/hustenstopper-egger-150-g\/"},"modified":"2025-12-09T09:53:53","modified_gmt":"2025-12-09T08:53:53","slug":"hustenstopper-egger-150-g","status":"publish","type":"product","link":"https:\/\/www.ernstbrunn-apotheke.at\/katalog\/produkt\/hustenstopper-egger-150-g\/","title":{"rendered":"Hustenstopper Egger 150 g"},"content":{"rendered":"<p>Diese einzigartige Hustenzuckerl-Mischung enth\u00e4lt sechs unterschiedliche, gef\u00fcllte Hustenzuckerl und ist perfekt f\u00fcr all jene, die Abwechslung lieben. Der Mix besteht aus s\u00fc\u00dfen Zuckerl mit Honiggeschmack, wohltuenden Sternaniszuckerl, k\u00f6stlichen Zuckerl mit Malzgeschmack, dem originalen kr\u00e4ftigen Rachenputzer, erfrischenden Euka-Mentholzuckerl und angenehmen Latschenkieferzuckerl. Egal f\u00fcr wen, vom sanften bis zum extra starken Hustenzuckerl ist in dieser Mischung alles vereint..<\/p>\n","protected":false},"excerpt":{"rendered":"<p>Diese einzigartige Hustenzuckerl-Mischung enth\u00e4lt sechs unterschiedliche, gef\u00fcllte Hustenzuckerl und ist perfekt f\u00fcr all jene, die Abwechslung lieben. Der Mix besteht aus s\u00fc\u00dfen Zuckerl mit Honiggeschmack, wohltuenden Sternaniszuckerl, k\u00f6stlichen Zuckerl mit Malzgeschmack, dem originalen kr\u00e4ftigen Rachenputzer, erfrischenden Euka-Mentholzuckerl und angenehmen Latschenkieferzuckerl. Egal f\u00fcr wen, vom sanften bis zum extra starken Hustenzuckerl ist in dieser Mischung alles [&hellip;]<\/p>\n","protected":false},"featured_media":123912,"template":"","meta":{"_acf_changed":false},"product_brand":[],"product_cat":[805],"product_tag":[],"class_list":{"0":"post-123910","1":"product","2":"type-product","3":"status-publish","4":"has-post-thumbnail","6":"product_cat-h","7":"pa_packungsgroesse-150g","9":"first","10":"instock","11":"shipping-taxable","12":"purchasable","13":"product-type-simple"},"acf":[],"_links":{"self":[{"href":"https:\/\/www.ernstbrunn-apotheke.at\/katalog\/wp-json\/wp\/v2\/product\/123910","targetHints":{"allow":["GET"]}}],"collection":[{"href":"https:\/\/www.ernstbrunn-apotheke.at\/katalog\/wp-json\/wp\/v2\/product"}],"about":[{"href":"https:\/\/www.ernstbrunn-apotheke.at\/katalog\/wp-json\/wp\/v2\/types\/product"}],"wp:featuredmedia":[{"embeddable":true,"href":"https:\/\/www.ernstbrunn-apotheke.at\/katalog\/wp-json\/wp\/v2\/media\/123912"}],"wp:attachment":[{"href":"https:\/\/www.ernstbrunn-apotheke.at\/katalog\/wp-json\/wp\/v2\/media?parent=123910"}],"wp:term":[{"taxonomy":"product_brand","embeddable":true,"href":"https:\/\/www.ernstbrunn-apotheke.at\/katalog\/wp-json\/wp\/v2\/product_brand?post=123910"},{"taxonomy":"product_cat","embeddable":true,"href":"https:\/\/www.ernstbrunn-apotheke.at\/katalog\/wp-json\/wp\/v2\/product_cat?post=123910"},{"taxonomy":"product_tag","embeddable":true,"href":"https:\/\/www.ernstbrunn-apotheke.at\/katalog\/wp-json\/wp\/v2\/product_tag?post=123910"}],"curies":[{"name":"wp","href":"https:\/\/api.w.org\/{rel}","templated":true}]}}