{"id":123864,"date":"2025-11-13T11:38:38","date_gmt":"2025-11-13T10:38:38","guid":{"rendered":"https:\/\/www.ernstbrunn-apotheke.at\/katalog\/produkt\/homedi-kind-brustfleck-1-stk\/"},"modified":"2025-12-09T09:53:48","modified_gmt":"2025-12-09T08:53:48","slug":"homedi-kind-brustfleck-1-stk","status":"publish","type":"product","link":"https:\/\/www.ernstbrunn-apotheke.at\/katalog\/produkt\/homedi-kind-brustfleck-1-stk\/","title":{"rendered":"Homedi-Kind Brustfleck 1 Stk."},"content":{"rendered":"<p>Homedi-Kind\u00ae Brustfleck ist ein Bienenwachswickel, der \u00e4u\u00dferst wirksam W\u00e4rme spendet. Der Wickel hilft bei Husten und Erk\u00e4ltungen sowie bei Verspannungen. Einfach anf\u00f6hnen oder vorsichtig im Backrohr erw\u00e4rmen, mehrmals verwendbar.<\/p>\n","protected":false},"excerpt":{"rendered":"<p>Homedi-Kind\u00ae Brustfleck ist ein Bienenwachswickel, der \u00e4u\u00dferst wirksam W\u00e4rme spendet. Der Wickel hilft bei Husten und Erk\u00e4ltungen sowie bei Verspannungen. Einfach anf\u00f6hnen oder vorsichtig im Backrohr erw\u00e4rmen, mehrmals verwendbar.<\/p>\n","protected":false},"featured_media":123866,"template":"","meta":{"_acf_changed":false},"product_brand":[1475],"product_cat":[805],"product_tag":[],"class_list":{"0":"post-123864","1":"product","2":"type-product","3":"status-publish","4":"has-post-thumbnail","6":"product_brand-homedi-kind","7":"product_cat-h","8":"pa_packungsgroesse-1-stueck","10":"first","11":"instock","12":"shipping-taxable","13":"purchasable","14":"product-type-simple"},"acf":[],"_links":{"self":[{"href":"https:\/\/www.ernstbrunn-apotheke.at\/katalog\/wp-json\/wp\/v2\/product\/123864","targetHints":{"allow":["GET"]}}],"collection":[{"href":"https:\/\/www.ernstbrunn-apotheke.at\/katalog\/wp-json\/wp\/v2\/product"}],"about":[{"href":"https:\/\/www.ernstbrunn-apotheke.at\/katalog\/wp-json\/wp\/v2\/types\/product"}],"wp:featuredmedia":[{"embeddable":true,"href":"https:\/\/www.ernstbrunn-apotheke.at\/katalog\/wp-json\/wp\/v2\/media\/123866"}],"wp:attachment":[{"href":"https:\/\/www.ernstbrunn-apotheke.at\/katalog\/wp-json\/wp\/v2\/media?parent=123864"}],"wp:term":[{"taxonomy":"product_brand","embeddable":true,"href":"https:\/\/www.ernstbrunn-apotheke.at\/katalog\/wp-json\/wp\/v2\/product_brand?post=123864"},{"taxonomy":"product_cat","embeddable":true,"href":"https:\/\/www.ernstbrunn-apotheke.at\/katalog\/wp-json\/wp\/v2\/product_cat?post=123864"},{"taxonomy":"product_tag","embeddable":true,"href":"https:\/\/www.ernstbrunn-apotheke.at\/katalog\/wp-json\/wp\/v2\/product_tag?post=123864"}],"curies":[{"name":"wp","href":"https:\/\/api.w.org\/{rel}","templated":true}]}}