{"id":123848,"date":"2025-11-13T11:38:07","date_gmt":"2025-11-13T10:38:07","guid":{"rendered":"https:\/\/www.ernstbrunn-apotheke.at\/katalog\/produkt\/ho-len-complex-tropfen-oto-cyl-30-ml\/"},"modified":"2025-12-09T09:53:47","modified_gmt":"2025-12-09T08:53:47","slug":"ho-len-complex-tropfen-oto-cyl-30-ml","status":"publish","type":"product","link":"https:\/\/www.ernstbrunn-apotheke.at\/katalog\/produkt\/ho-len-complex-tropfen-oto-cyl-30-ml\/","title":{"rendered":"Ho-Len Complex Tropfen Oto-Cyl 30 ml"},"content":{"rendered":"<p>Ho-Len Complex Tropfen Oto-Cyl &#8211; Zur Anwendung bei Durchblutungsst\u00f6rungen im Kopfbereich, Schwerh\u00f6rigkeit, Ohrenger\u00e4usche, Schwindel. Hom\u00f6opathisches Arzneimittel..<\/p>\n","protected":false},"excerpt":{"rendered":"<p>Ho-Len Complex Tropfen Oto-Cyl &#8211; Zur Anwendung bei Durchblutungsst\u00f6rungen im Kopfbereich, Schwerh\u00f6rigkeit, Ohrenger\u00e4usche, Schwindel. Hom\u00f6opathisches Arzneimittel..<\/p>\n","protected":false},"featured_media":123850,"template":"","meta":{"_acf_changed":false},"product_brand":[],"product_cat":[805],"product_tag":[],"class_list":{"0":"post-123848","1":"product","2":"type-product","3":"status-publish","4":"has-post-thumbnail","6":"product_cat-h","7":"pa_packungsgroesse-30ml","9":"first","10":"instock","11":"shipping-taxable","12":"purchasable","13":"product-type-simple"},"acf":[],"_links":{"self":[{"href":"https:\/\/www.ernstbrunn-apotheke.at\/katalog\/wp-json\/wp\/v2\/product\/123848","targetHints":{"allow":["GET"]}}],"collection":[{"href":"https:\/\/www.ernstbrunn-apotheke.at\/katalog\/wp-json\/wp\/v2\/product"}],"about":[{"href":"https:\/\/www.ernstbrunn-apotheke.at\/katalog\/wp-json\/wp\/v2\/types\/product"}],"wp:featuredmedia":[{"embeddable":true,"href":"https:\/\/www.ernstbrunn-apotheke.at\/katalog\/wp-json\/wp\/v2\/media\/123850"}],"wp:attachment":[{"href":"https:\/\/www.ernstbrunn-apotheke.at\/katalog\/wp-json\/wp\/v2\/media?parent=123848"}],"wp:term":[{"taxonomy":"product_brand","embeddable":true,"href":"https:\/\/www.ernstbrunn-apotheke.at\/katalog\/wp-json\/wp\/v2\/product_brand?post=123848"},{"taxonomy":"product_cat","embeddable":true,"href":"https:\/\/www.ernstbrunn-apotheke.at\/katalog\/wp-json\/wp\/v2\/product_cat?post=123848"},{"taxonomy":"product_tag","embeddable":true,"href":"https:\/\/www.ernstbrunn-apotheke.at\/katalog\/wp-json\/wp\/v2\/product_tag?post=123848"}],"curies":[{"name":"wp","href":"https:\/\/api.w.org\/{rel}","templated":true}]}}