{"id":12379,"date":"2025-11-07T14:48:21","date_gmt":"2025-11-07T13:48:21","guid":{"rendered":"https:\/\/www.ernstbrunn-apotheke.at\/katalog\/produkt\/futuro-kniebandagen-1-stk-medium\/"},"modified":"2025-12-08T13:33:32","modified_gmt":"2025-12-08T12:33:32","slug":"futuro-kniebandagen-1-stk-medium","status":"publish","type":"product","link":"https:\/\/www.ernstbrunn-apotheke.at\/katalog\/produkt\/futuro-kniebandagen-1-stk-medium\/","title":{"rendered":"Futuro Kniebandagen 1 Stk. Medium"},"content":{"rendered":"<p>Futuro Kniebandage hilft bei akuten und chronischen Knieschmerzen bei \u00dcberlastungssyndromen und Instabilit\u00e4t. Sie ist einfach anzuziehen, passt sich perfekt an und sorgt dank ihres hautfreundlichen, atmungsaktiven Materials f\u00fcr einen angenehmen Tragekomfort. Eine unangenehme Faltenbildung in der Kniekehle wird durch ihr spezielles Gestrick reduziert.<\/p>\n","protected":false},"excerpt":{"rendered":"<p>Futuro Kniebandage hilft bei akuten und chronischen Knieschmerzen bei \u00dcberlastungssyndromen und Instabilit\u00e4t. Sie ist einfach anzuziehen, passt sich perfekt an und sorgt dank ihres hautfreundlichen, atmungsaktiven Materials f\u00fcr einen angenehmen Tragekomfort. Eine unangenehme Faltenbildung in der Kniekehle wird durch ihr spezielles Gestrick reduziert.<\/p>\n","protected":false},"featured_media":12381,"template":"","meta":{"_acf_changed":false},"product_brand":[413],"product_cat":[809],"product_tag":[],"class_list":{"0":"post-12379","1":"product","2":"type-product","3":"status-publish","4":"has-post-thumbnail","6":"product_brand-futuro","7":"product_cat-f","8":"pa_packungsgroesse-1-stueck","10":"first","11":"instock","12":"shipping-taxable","13":"purchasable","14":"product-type-variable"},"acf":[],"_links":{"self":[{"href":"https:\/\/www.ernstbrunn-apotheke.at\/katalog\/wp-json\/wp\/v2\/product\/12379","targetHints":{"allow":["GET"]}}],"collection":[{"href":"https:\/\/www.ernstbrunn-apotheke.at\/katalog\/wp-json\/wp\/v2\/product"}],"about":[{"href":"https:\/\/www.ernstbrunn-apotheke.at\/katalog\/wp-json\/wp\/v2\/types\/product"}],"wp:featuredmedia":[{"embeddable":true,"href":"https:\/\/www.ernstbrunn-apotheke.at\/katalog\/wp-json\/wp\/v2\/media\/12381"}],"wp:attachment":[{"href":"https:\/\/www.ernstbrunn-apotheke.at\/katalog\/wp-json\/wp\/v2\/media?parent=12379"}],"wp:term":[{"taxonomy":"product_brand","embeddable":true,"href":"https:\/\/www.ernstbrunn-apotheke.at\/katalog\/wp-json\/wp\/v2\/product_brand?post=12379"},{"taxonomy":"product_cat","embeddable":true,"href":"https:\/\/www.ernstbrunn-apotheke.at\/katalog\/wp-json\/wp\/v2\/product_cat?post=12379"},{"taxonomy":"product_tag","embeddable":true,"href":"https:\/\/www.ernstbrunn-apotheke.at\/katalog\/wp-json\/wp\/v2\/product_tag?post=12379"}],"curies":[{"name":"wp","href":"https:\/\/api.w.org\/{rel}","templated":true}]}}