{"id":123668,"date":"2025-11-13T11:34:36","date_gmt":"2025-11-13T10:34:36","guid":{"rendered":"https:\/\/www.ernstbrunn-apotheke.at\/katalog\/produkt\/healing-herbs-bachblueten-vine-10-ml\/"},"modified":"2025-12-09T09:53:11","modified_gmt":"2025-12-09T08:53:11","slug":"healing-herbs-bachblueten-vine-10-ml","status":"publish","type":"product","link":"https:\/\/www.ernstbrunn-apotheke.at\/katalog\/produkt\/healing-herbs-bachblueten-vine-10-ml\/","title":{"rendered":"Healing Herbs Bachbl\u00fcten Vine 10 ml"},"content":{"rendered":"<p>Healing Herbs Bachbl\u00fcten Vine Tropfen eignen sich f\u00fcr begabte, selbstsichere Menschen, die auf ihren Erfolg vertrauen. Sie sind so von sich selbst \u00fcberzeugt, dass sie meinen, es w\u00e4re auch f\u00fcr andere von Vorteil, wenn man sie davon \u00fcberzeugen k\u00f6nnte, alles so zu machen wie sie. Selbst wenn sie krank sind, machen sie ihren Mitmenschen Vorschriften. In schwierigen Situationen k\u00f6nnen sie eine gro\u00dfe Hilfe sein.<\/p>\n","protected":false},"excerpt":{"rendered":"<p>Healing Herbs Bachbl\u00fcten Vine Tropfen eignen sich f\u00fcr begabte, selbstsichere Menschen, die auf ihren Erfolg vertrauen. Sie sind so von sich selbst \u00fcberzeugt, dass sie meinen, es w\u00e4re auch f\u00fcr andere von Vorteil, wenn man sie davon \u00fcberzeugen k\u00f6nnte, alles so zu machen wie sie. Selbst wenn sie krank sind, machen sie ihren Mitmenschen Vorschriften. [&hellip;]<\/p>\n","protected":false},"featured_media":0,"template":"","meta":{"_acf_changed":false},"product_brand":[],"product_cat":[805],"product_tag":[],"class_list":{"0":"post-123668","1":"product","2":"type-product","3":"status-publish","5":"product_cat-h","6":"pa_packungsgroesse-10ml","8":"first","9":"instock","10":"shipping-taxable","11":"purchasable","12":"product-type-simple"},"acf":[],"_links":{"self":[{"href":"https:\/\/www.ernstbrunn-apotheke.at\/katalog\/wp-json\/wp\/v2\/product\/123668","targetHints":{"allow":["GET"]}}],"collection":[{"href":"https:\/\/www.ernstbrunn-apotheke.at\/katalog\/wp-json\/wp\/v2\/product"}],"about":[{"href":"https:\/\/www.ernstbrunn-apotheke.at\/katalog\/wp-json\/wp\/v2\/types\/product"}],"wp:attachment":[{"href":"https:\/\/www.ernstbrunn-apotheke.at\/katalog\/wp-json\/wp\/v2\/media?parent=123668"}],"wp:term":[{"taxonomy":"product_brand","embeddable":true,"href":"https:\/\/www.ernstbrunn-apotheke.at\/katalog\/wp-json\/wp\/v2\/product_brand?post=123668"},{"taxonomy":"product_cat","embeddable":true,"href":"https:\/\/www.ernstbrunn-apotheke.at\/katalog\/wp-json\/wp\/v2\/product_cat?post=123668"},{"taxonomy":"product_tag","embeddable":true,"href":"https:\/\/www.ernstbrunn-apotheke.at\/katalog\/wp-json\/wp\/v2\/product_tag?post=123668"}],"curies":[{"name":"wp","href":"https:\/\/api.w.org\/{rel}","templated":true}]}}