{"id":123652,"date":"2025-11-13T11:34:22","date_gmt":"2025-11-13T10:34:22","guid":{"rendered":"https:\/\/www.ernstbrunn-apotheke.at\/katalog\/produkt\/healing-herbs-5-flower-creme-30-g\/"},"modified":"2025-12-09T09:53:07","modified_gmt":"2025-12-09T08:53:07","slug":"healing-herbs-5-flower-creme-30-g","status":"publish","type":"product","link":"https:\/\/www.ernstbrunn-apotheke.at\/katalog\/produkt\/healing-herbs-5-flower-creme-30-g\/","title":{"rendered":"Healing Herbs 5-flower Creme 30 g"},"content":{"rendered":"<p>Healing Herbs 5-flower Creme bietet Erste Hilfe bei kleinen k\u00f6rperlichen Verletzungen wie etwa Bienenstichen, Verstauchungen, kleineren Schnittwunden oder Verbrennungen. Die Creme ist zur \u00e4u\u00dferlichen Anwendung geeignet und sollte mehrmals t\u00e4glich d\u00fcnn aufgetragen werden.<\/p>\n","protected":false},"excerpt":{"rendered":"<p>Healing Herbs 5-flower Creme bietet Erste Hilfe bei kleinen k\u00f6rperlichen Verletzungen wie etwa Bienenstichen, Verstauchungen, kleineren Schnittwunden oder Verbrennungen. Die Creme ist zur \u00e4u\u00dferlichen Anwendung geeignet und sollte mehrmals t\u00e4glich d\u00fcnn aufgetragen werden.<\/p>\n","protected":false},"featured_media":0,"template":"","meta":{"_acf_changed":false},"product_brand":[],"product_cat":[805],"product_tag":[],"class_list":{"0":"post-123652","1":"product","2":"type-product","3":"status-publish","5":"product_cat-h","6":"pa_packungsgroesse-30g","8":"first","9":"instock","10":"shipping-taxable","11":"purchasable","12":"product-type-simple"},"acf":[],"_links":{"self":[{"href":"https:\/\/www.ernstbrunn-apotheke.at\/katalog\/wp-json\/wp\/v2\/product\/123652","targetHints":{"allow":["GET"]}}],"collection":[{"href":"https:\/\/www.ernstbrunn-apotheke.at\/katalog\/wp-json\/wp\/v2\/product"}],"about":[{"href":"https:\/\/www.ernstbrunn-apotheke.at\/katalog\/wp-json\/wp\/v2\/types\/product"}],"wp:attachment":[{"href":"https:\/\/www.ernstbrunn-apotheke.at\/katalog\/wp-json\/wp\/v2\/media?parent=123652"}],"wp:term":[{"taxonomy":"product_brand","embeddable":true,"href":"https:\/\/www.ernstbrunn-apotheke.at\/katalog\/wp-json\/wp\/v2\/product_brand?post=123652"},{"taxonomy":"product_cat","embeddable":true,"href":"https:\/\/www.ernstbrunn-apotheke.at\/katalog\/wp-json\/wp\/v2\/product_cat?post=123652"},{"taxonomy":"product_tag","embeddable":true,"href":"https:\/\/www.ernstbrunn-apotheke.at\/katalog\/wp-json\/wp\/v2\/product_tag?post=123652"}],"curies":[{"name":"wp","href":"https:\/\/api.w.org\/{rel}","templated":true}]}}