{"id":123503,"date":"2025-11-13T11:31:11","date_gmt":"2025-11-13T10:31:11","guid":{"rendered":"https:\/\/www.ernstbrunn-apotheke.at\/katalog\/produkt\/hs-kraeuter-tee-bio-kind-30-g-20-stk\/"},"modified":"2025-12-09T09:52:41","modified_gmt":"2025-12-09T08:52:41","slug":"hs-kraeuter-tee-bio-kind-30-g-20-stk","status":"publish","type":"product","link":"https:\/\/www.ernstbrunn-apotheke.at\/katalog\/produkt\/hs-kraeuter-tee-bio-kind-30-g-20-stk\/","title":{"rendered":"H&#038;S Kr\u00e4uter Tee Bio Kind 30 g 20 Stk."},"content":{"rendered":"<p>H&#038;S produziert seit \u00fcber 40 Jahren wirksame Arznei- und Apothekentees und wohltuende und bek\u00f6mmliche normale Tees (Lebensmitteltees). Um die Qualit\u00e4t der Produkte zu gew\u00e4hrleisten, wird von der Entwicklung der Mischungen \u00fcber die Laborpr\u00fcfung der Rohstoffe bis zum Abpacken der Teebeutel am liebsten auf die eigenen Mitarbeiter vertraut \u2013 jetzt alle H&#038;S Tees online bestellen!<\/p>\n","protected":false},"excerpt":{"rendered":"<p>H&#038;S produziert seit \u00fcber 40 Jahren wirksame Arznei- und Apothekentees und wohltuende und bek\u00f6mmliche normale Tees (Lebensmitteltees). Um die Qualit\u00e4t der Produkte zu gew\u00e4hrleisten, wird von der Entwicklung der Mischungen \u00fcber die Laborpr\u00fcfung der Rohstoffe bis zum Abpacken der Teebeutel am liebsten auf die eigenen Mitarbeiter vertraut \u2013 jetzt alle H&#038;S Tees online bestellen!<\/p>\n","protected":false},"featured_media":0,"template":"","meta":{"_acf_changed":false},"product_brand":[1040],"product_cat":[805],"product_tag":[],"class_list":{"0":"post-123503","1":"product","2":"type-product","3":"status-publish","5":"product_brand-hs","6":"product_cat-h","7":"pa_packungsgroesse-20-beutel","9":"first","10":"instock","11":"shipping-taxable","12":"purchasable","13":"product-type-simple"},"acf":[],"_links":{"self":[{"href":"https:\/\/www.ernstbrunn-apotheke.at\/katalog\/wp-json\/wp\/v2\/product\/123503","targetHints":{"allow":["GET"]}}],"collection":[{"href":"https:\/\/www.ernstbrunn-apotheke.at\/katalog\/wp-json\/wp\/v2\/product"}],"about":[{"href":"https:\/\/www.ernstbrunn-apotheke.at\/katalog\/wp-json\/wp\/v2\/types\/product"}],"wp:attachment":[{"href":"https:\/\/www.ernstbrunn-apotheke.at\/katalog\/wp-json\/wp\/v2\/media?parent=123503"}],"wp:term":[{"taxonomy":"product_brand","embeddable":true,"href":"https:\/\/www.ernstbrunn-apotheke.at\/katalog\/wp-json\/wp\/v2\/product_brand?post=123503"},{"taxonomy":"product_cat","embeddable":true,"href":"https:\/\/www.ernstbrunn-apotheke.at\/katalog\/wp-json\/wp\/v2\/product_cat?post=123503"},{"taxonomy":"product_tag","embeddable":true,"href":"https:\/\/www.ernstbrunn-apotheke.at\/katalog\/wp-json\/wp\/v2\/product_tag?post=123503"}],"curies":[{"name":"wp","href":"https:\/\/api.w.org\/{rel}","templated":true}]}}